{"id":2147,"date":"2018-12-09T15:39:42","date_gmt":"2018-12-09T12:39:42","guid":{"rendered":"http:\/\/www.savaskudas.com\/ekibimiz\/"},"modified":"2025-01-29T22:51:37","modified_gmt":"2025-01-29T19:51:37","slug":"our-team","status":"publish","type":"page","link":"https:\/\/www.savaskudas.com\/en\/our-team\/","title":{"rendered":"OUR TEAM"},"content":{"rendered":"<div class=\"wpb-content-wrapper\">[vc_row full_width=&#8221;stretch_row&#8221; full_height=&#8221;yes&#8221; curly_bg_repeat=&#8221;bg-no-repeat&#8221; curly_bg_position=&#8221;bg-pos-center-top&#8221; css=&#8221;.vc_custom_1589579314169{background-color: #f1f1f1 !important;}&#8221;][vc_column][vc_column_text]\n<h3 class=\"special-title\" style=\"text-align: center;\">Our Team<\/h3>\n[\/vc_column_text][vc_row_inner gap=&#8221;30&#8243;][vc_column_inner width=&#8221;1\/2&#8243;][vc_single_image image=&#8221;1440&#8243; img_size=&#8221;large&#8221; alignment=&#8221;center&#8221;][vc_column_text]\n<h6 style=\"text-align: center;\">Sava\u015f KUDA\u015e M.D. Spealist<\/h6>\n<p style=\"text-align: center;\"><small>Genclerbirligi Sports Club Doctor<\/small><\/p>\n[\/vc_column_text][\/vc_column_inner][vc_column_inner width=&#8221;1\/2&#8243;][vc_single_image image=&#8221;1404&#8243; img_size=&#8221;large&#8221; alignment=&#8221;center&#8221;][vc_column_text]\n<h6 style=\"text-align: center;\">M. Erdem Y\u00d6R\u00dcKO\u011eLU<\/h6>\n<p style=\"text-align: center;\"><small>Spealist\u00a0Physiotherapist \/ Manual Therapist \/ Gyrotonic Instructor<br \/>\n<\/small><\/p>\n[\/vc_column_text][\/vc_column_inner][\/vc_row_inner][\/vc_column][\/vc_row]\n<\/div>","protected":false},"excerpt":{"rendered":"<p>[vc_row full_width=&#8221;stretch_row&#8221; full_height=&#8221;yes&#8221; curly_bg_repeat=&#8221;bg-no-repeat&#8221; curly_bg_position=&#8221;bg-pos-center-top&#8221; css=&#8221;.vc_custom_1589579314169{background-color: #f1f1f1 !important;}&#8221;][vc_column][vc_column_text] Our Team [\/vc_column_text][vc_row_inner gap=&#8221;30&#8243;][vc_column_inner width=&#8221;1\/2&#8243;][vc_single_image image=&#8221;1440&#8243; img_size=&#8221;large&#8221; alignment=&#8221;center&#8221;][vc_column_text] Sava\u015f KUDA\u015e M.D. Spealist Genclerbirligi Sports Club Doctor [\/vc_column_text][\/vc_column_inner][vc_column_inner width=&#8221;1\/2&#8243;][vc_single_image image=&#8221;1404&#8243; img_size=&#8221;large&#8221; alignment=&#8221;center&#8221;][vc_column_text] M. Erdem Y\u00d6R\u00dcKO\u011eLU Spealist\u00a0Physiotherapist \/ Manual Therapist \/ Gyrotonic Instructor [\/vc_column_text][\/vc_column_inner][\/vc_row_inner][\/vc_column][\/vc_row]<\/p>\n","protected":false},"author":1,"featured_media":0,"parent":0,"menu_order":23,"comment_status":"closed","ping_status":"closed","template":"","meta":{"inline_featured_image":false,"footnotes":""},"class_list":["post-2147","page","type-page","status-publish","hentry"],"yoast_head":"<!-- This site is optimized with the Yoast SEO plugin v26.7 - https:\/\/yoast.com\/wordpress\/plugins\/seo\/ -->\n<title>OUR TEAM - Sava\u015f Kuda\u015f | Spor Hekimli\u011fi Uzman\u0131,<\/title>\n<meta name=\"robots\" content=\"index, follow, max-snippet:-1, max-image-preview:large, max-video-preview:-1\" \/>\n<link rel=\"canonical\" href=\"https:\/\/www.savaskudas.com\/ekibimiz\/\" \/>\n<meta property=\"og:locale\" content=\"en_US\" \/>\n<meta property=\"og:type\" content=\"article\" \/>\n<meta property=\"og:title\" content=\"OUR TEAM - Sava\u015f Kuda\u015f | Spor Hekimli\u011fi Uzman\u0131,\" \/>\n<meta property=\"og:description\" content=\"[vc_row full_width=&#8221;stretch_row&#8221; full_height=&#8221;yes&#8221; curly_bg_repeat=&#8221;bg-no-repeat&#8221; curly_bg_position=&#8221;bg-pos-center-top&#8221; css=&#8221;.vc_custom_1589579314169{background-color: #f1f1f1 !important;}&#8221;][vc_column][vc_column_text] Our Team [\/vc_column_text][vc_row_inner gap=&#8221;30&#8243;][vc_column_inner width=&#8221;1\/2&#8243;][vc_single_image image=&#8221;1440&#8243; img_size=&#8221;large&#8221; alignment=&#8221;center&#8221;][vc_column_text] Sava\u015f KUDA\u015e M.D. Spealist Genclerbirligi Sports Club Doctor [\/vc_column_text][\/vc_column_inner][vc_column_inner width=&#8221;1\/2&#8243;][vc_single_image image=&#8221;1404&#8243; img_size=&#8221;large&#8221; alignment=&#8221;center&#8221;][vc_column_text] M. Erdem Y\u00d6R\u00dcKO\u011eLU Spealist\u00a0Physiotherapist \/ Manual Therapist \/ Gyrotonic Instructor [\/vc_column_text][\/vc_column_inner][\/vc_row_inner][\/vc_column][\/vc_row]\" \/>\n<meta property=\"og:url\" content=\"https:\/\/www.savaskudas.com\/ekibimiz\/\" \/>\n<meta property=\"og:site_name\" content=\"Sava\u015f Kuda\u015f | Spor Hekimli\u011fi Uzman\u0131,\" \/>\n<meta property=\"article:modified_time\" content=\"2025-01-29T19:51:37+00:00\" \/>\n<meta name=\"twitter:card\" content=\"summary_large_image\" \/>\n<meta name=\"twitter:label1\" content=\"Est. reading time\" \/>\n\t<meta name=\"twitter:data1\" content=\"1 minute\" \/>\n<script type=\"application\/ld+json\" class=\"yoast-schema-graph\">{\"@context\":\"https:\/\/schema.org\",\"@graph\":[{\"@type\":\"WebPage\",\"@id\":\"https:\/\/www.savaskudas.com\/ekibimiz\/\",\"url\":\"https:\/\/www.savaskudas.com\/ekibimiz\/\",\"name\":\"OUR TEAM - Sava\u015f Kuda\u015f | Spor Hekimli\u011fi Uzman\u0131,\",\"isPartOf\":{\"@id\":\"https:\/\/www.savaskudas.com\/#website\"},\"datePublished\":\"2018-12-09T12:39:42+00:00\",\"dateModified\":\"2025-01-29T19:51:37+00:00\",\"breadcrumb\":{\"@id\":\"https:\/\/www.savaskudas.com\/ekibimiz\/#breadcrumb\"},\"inLanguage\":\"en-US\",\"potentialAction\":[{\"@type\":\"ReadAction\",\"target\":[\"https:\/\/www.savaskudas.com\/ekibimiz\/\"]}]},{\"@type\":\"BreadcrumbList\",\"@id\":\"https:\/\/www.savaskudas.com\/ekibimiz\/#breadcrumb\",\"itemListElement\":[{\"@type\":\"ListItem\",\"position\":1,\"name\":\"Home\",\"item\":\"https:\/\/www.savaskudas.com\/en\/\"},{\"@type\":\"ListItem\",\"position\":2,\"name\":\"OUR TEAM\"}]},{\"@type\":\"WebSite\",\"@id\":\"https:\/\/www.savaskudas.com\/#website\",\"url\":\"https:\/\/www.savaskudas.com\/\",\"name\":\"Sava\u015f Kuda\u015f | Spor Hekimli\u011fi Uzman\u0131,\",\"description\":\"Bel-Boyun F\u0131t\u0131klar\u0131, K\u0131k\u0131rdak Problemleri, Tenis\u00e7i Dirse\u011fi, Bel-Boyun A\u011fr\u0131lar\u0131, Kas Sakatl\u0131klar\u0131, Eklem Yaralanmalar\u0131, Patellar Tendinit, Bilek Burkulmalar\u0131, Lenf - \u00d6dem Tedavisi, Menisk\u00fcs Yaralanmalar\u0131, Futbolcu Kas\u0131\u011f\u0131 (Osteitis Pubis), \u00d6n \u00c7apraz Ba\u011f Yaralanmalar\u0131, Ankara\",\"potentialAction\":[{\"@type\":\"SearchAction\",\"target\":{\"@type\":\"EntryPoint\",\"urlTemplate\":\"https:\/\/www.savaskudas.com\/?s={search_term_string}\"},\"query-input\":{\"@type\":\"PropertyValueSpecification\",\"valueRequired\":true,\"valueName\":\"search_term_string\"}}],\"inLanguage\":\"en-US\"}]}<\/script>\n<!-- \/ Yoast SEO plugin. -->","yoast_head_json":{"title":"OUR TEAM - Sava\u015f Kuda\u015f | Spor Hekimli\u011fi Uzman\u0131,","robots":{"index":"index","follow":"follow","max-snippet":"max-snippet:-1","max-image-preview":"max-image-preview:large","max-video-preview":"max-video-preview:-1"},"canonical":"https:\/\/www.savaskudas.com\/ekibimiz\/","og_locale":"en_US","og_type":"article","og_title":"OUR TEAM - Sava\u015f Kuda\u015f | Spor Hekimli\u011fi Uzman\u0131,","og_description":"[vc_row full_width=&#8221;stretch_row&#8221; full_height=&#8221;yes&#8221; curly_bg_repeat=&#8221;bg-no-repeat&#8221; curly_bg_position=&#8221;bg-pos-center-top&#8221; css=&#8221;.vc_custom_1589579314169{background-color: #f1f1f1 !important;}&#8221;][vc_column][vc_column_text] Our Team [\/vc_column_text][vc_row_inner gap=&#8221;30&#8243;][vc_column_inner width=&#8221;1\/2&#8243;][vc_single_image image=&#8221;1440&#8243; img_size=&#8221;large&#8221; alignment=&#8221;center&#8221;][vc_column_text] Sava\u015f KUDA\u015e M.D. Spealist Genclerbirligi Sports Club Doctor [\/vc_column_text][\/vc_column_inner][vc_column_inner width=&#8221;1\/2&#8243;][vc_single_image image=&#8221;1404&#8243; img_size=&#8221;large&#8221; alignment=&#8221;center&#8221;][vc_column_text] M. Erdem Y\u00d6R\u00dcKO\u011eLU Spealist\u00a0Physiotherapist \/ Manual Therapist \/ Gyrotonic Instructor [\/vc_column_text][\/vc_column_inner][\/vc_row_inner][\/vc_column][\/vc_row]","og_url":"https:\/\/www.savaskudas.com\/ekibimiz\/","og_site_name":"Sava\u015f Kuda\u015f | Spor Hekimli\u011fi Uzman\u0131,","article_modified_time":"2025-01-29T19:51:37+00:00","twitter_card":"summary_large_image","twitter_misc":{"Est. reading time":"1 minute"},"schema":{"@context":"https:\/\/schema.org","@graph":[{"@type":"WebPage","@id":"https:\/\/www.savaskudas.com\/ekibimiz\/","url":"https:\/\/www.savaskudas.com\/ekibimiz\/","name":"OUR TEAM - Sava\u015f Kuda\u015f | Spor Hekimli\u011fi Uzman\u0131,","isPartOf":{"@id":"https:\/\/www.savaskudas.com\/#website"},"datePublished":"2018-12-09T12:39:42+00:00","dateModified":"2025-01-29T19:51:37+00:00","breadcrumb":{"@id":"https:\/\/www.savaskudas.com\/ekibimiz\/#breadcrumb"},"inLanguage":"en-US","potentialAction":[{"@type":"ReadAction","target":["https:\/\/www.savaskudas.com\/ekibimiz\/"]}]},{"@type":"BreadcrumbList","@id":"https:\/\/www.savaskudas.com\/ekibimiz\/#breadcrumb","itemListElement":[{"@type":"ListItem","position":1,"name":"Home","item":"https:\/\/www.savaskudas.com\/en\/"},{"@type":"ListItem","position":2,"name":"OUR TEAM"}]},{"@type":"WebSite","@id":"https:\/\/www.savaskudas.com\/#website","url":"https:\/\/www.savaskudas.com\/","name":"Sava\u015f Kuda\u015f | Spor Hekimli\u011fi Uzman\u0131,","description":"Bel-Boyun F\u0131t\u0131klar\u0131, K\u0131k\u0131rdak Problemleri, Tenis\u00e7i Dirse\u011fi, Bel-Boyun A\u011fr\u0131lar\u0131, Kas Sakatl\u0131klar\u0131, Eklem Yaralanmalar\u0131, Patellar Tendinit, Bilek Burkulmalar\u0131, Lenf - \u00d6dem Tedavisi, Menisk\u00fcs Yaralanmalar\u0131, Futbolcu Kas\u0131\u011f\u0131 (Osteitis Pubis), \u00d6n \u00c7apraz Ba\u011f Yaralanmalar\u0131, Ankara","potentialAction":[{"@type":"SearchAction","target":{"@type":"EntryPoint","urlTemplate":"https:\/\/www.savaskudas.com\/?s={search_term_string}"},"query-input":{"@type":"PropertyValueSpecification","valueRequired":true,"valueName":"search_term_string"}}],"inLanguage":"en-US"}]}},"_links":{"self":[{"href":"https:\/\/www.savaskudas.com\/en\/wp-json\/wp\/v2\/pages\/2147","targetHints":{"allow":["GET"]}}],"collection":[{"href":"https:\/\/www.savaskudas.com\/en\/wp-json\/wp\/v2\/pages"}],"about":[{"href":"https:\/\/www.savaskudas.com\/en\/wp-json\/wp\/v2\/types\/page"}],"author":[{"embeddable":true,"href":"https:\/\/www.savaskudas.com\/en\/wp-json\/wp\/v2\/users\/1"}],"replies":[{"embeddable":true,"href":"https:\/\/www.savaskudas.com\/en\/wp-json\/wp\/v2\/comments?post=2147"}],"version-history":[{"count":0,"href":"https:\/\/www.savaskudas.com\/en\/wp-json\/wp\/v2\/pages\/2147\/revisions"}],"wp:attachment":[{"href":"https:\/\/www.savaskudas.com\/en\/wp-json\/wp\/v2\/media?parent=2147"}],"curies":[{"name":"wp","href":"https:\/\/api.w.org\/{rel}","templated":true}]}}