{"id":2139,"date":"2017-08-10T13:48:38","date_gmt":"2017-08-10T10:48:38","guid":{"rendered":"http:\/\/www.savaskudas.com\/randevu\/"},"modified":"2022-02-08T09:20:53","modified_gmt":"2022-02-08T06:20:53","slug":"appointment","status":"publish","type":"page","link":"https:\/\/www.savaskudas.com\/en\/appointment\/","title":{"rendered":"APPOINTMENT"},"content":{"rendered":"<div class=\"wpb-content-wrapper\">[vc_row full_width=&#8221;stretch_row&#8221; content_placement=&#8221;middle&#8221; curly_bg_position=&#8221;bg-pos-center-center&#8221; curly_bg_parallax=&#8221;true&#8221; curly_padding=&#8221;content-padding-xxl&#8221; css=&#8221;.vc_custom_1545595254208{background: #1187c5 url(http:\/\/u541148188.hostingerapp.com\/wp-content\/uploads\/2018\/12\/randevu_zemin-2.jpg?id=1219) !important;background-position: center !important;background-repeat: no-repeat !important;background-size: cover !important;}&#8221;][vc_column width=&#8221;5\/6&#8243; offset=&#8221;vc_hidden-lg vc_hidden-md vc_col-sm-offset-1&#8243; el_class=&#8221;color&#8211;text-inverted&#8221;][vc_column_text]\n<h2>Create Online\u00a0<strong>Appointment Request<\/strong><\/h2>\n<p><strong>Please fill out the appointment request\u00a0on the form with the<\/strong>\u00a0specialist doctor, the content of the examination and the appropriate time information .\u00a0You will be contacted for your appointment confirmation.[\/vc_column_text][\/vc_column][vc_column el_class=&#8221;xtd-offset-dots-white&#8221; offset=&#8221;vc_col-lg-offset-0 vc_col-lg-7 vc_col-sm-offset-1&#8243;][vc_raw_html]JTNDYSUyMGlkJTNEJTIyemwtdXJsJTIyJTIwY2xhc3MlM0QlMjJ6bC11cmwlMjIlMjBocmVmJTNEJTIyaHR0cHMlM0ElMkYlMkZ3d3cuZG9rdG9ydGFrdmltaS5jb20lMkZzYXZhcy1rdWRhcyUyRnNwb3ItaGVraW1saWdpJTJGYW5rYXJhJTIyJTIwcmVsJTNEJTIybm9mb2xsb3clMjIlMjBkYXRhLXpsdy1kb2N0b3IlM0QlMjJzYXZhcy1rdWRhcyUyMiUyMGRhdGEtemx3LXR5cGUlM0QlMjJiaWdfd2l0aF9jYWxlbmRhciUyMiUyMGRhdGEtemx3LW9waW5pb24lM0QlMjJmYWxzZSUyMiUyMGRhdGEtemx3LWhpZGUtYnJhbmRpbmclM0QlMjJ0cnVlJTIyJTNFU2F2YSVDQiU5QiUyMEt1ZGElQ0IlOUIlMjAtJTIwRG9rdG9yVGFrdmltaS5jb20lM0MlMkZhJTNFJTNDc2NyaXB0JTNFJTIxZnVuY3Rpb24lMjglMjRfeCUyQ19zJTJDaWQlMjklN0J2YXIlMjBqcyUyQ2ZqcyUzRCUyNF94LmdldEVsZW1lbnRzQnlUYWdOYW1lJTI4X3MlMjklNUIwJTVEJTNCaWYlMjglMjElMjRfeC5nZXRFbGVtZW50QnlJZCUyOGlkJTI5JTI5JTdCanMlMjAlM0QlMjAlMjRfeC5jcmVhdGVFbGVtZW50JTI4X3MlMjklM0Jqcy5pZCUyMCUzRCUyMGlkJTNCanMuc3JjJTIwJTNEJTIwJTIyJTJGJTJGcGxhdGZvcm0uZG9jcGxhbm5lci5jb20lMkZqcyUyRndpZGdldC5qcyUyMiUzQmZqcy5wYXJlbnROb2RlLmluc2VydEJlZm9yZSUyOGpzJTJDZmpzJTI5JTNCJTdEJTdEJTI4ZG9jdW1lbnQlMkMlMjJzY3JpcHQlMjIlMkMlMjJ6bC13aWRnZXQtcyUyMiUyOSUzQiUzQyUyRnNjcmlwdCUzRQ==[\/vc_raw_html][\/vc_column][vc_column width=&#8221;5\/6&#8243; el_class=&#8221;color&#8211;text-inverted&#8221; css=&#8221;.vc_custom_1502725330564{padding-top: 25% !important;}&#8221; offset=&#8221;vc_col-lg-offset-1 vc_col-lg-3 vc_hidden-sm vc_hidden-xs&#8221;][vc_column_text]\n<h2>Create Online\u00a0<strong><span class=\"\">Appointment Request<\/span><\/strong><\/h2>\n<p><strong>Please fill out the appointment request\u00a0on the form with the<\/strong>\u00a0specialist doctor, the content of the examination and the appropriate time information .\u00a0You will be contacted for your appointment confirmation.[\/vc_column_text][\/vc_column][\/vc_row]\n<\/div>","protected":false},"excerpt":{"rendered":"<p>[vc_row full_width=&#8221;stretch_row&#8221; content_placement=&#8221;middle&#8221; curly_bg_position=&#8221;bg-pos-center-center&#8221; curly_bg_parallax=&#8221;true&#8221; curly_padding=&#8221;content-padding-xxl&#8221; css=&#8221;.vc_custom_1545595254208{background: #1187c5 url(http:\/\/u541148188.hostingerapp.com\/wp-content\/uploads\/2018\/12\/randevu_zemin-2.jpg?id=1219) !important;background-position: center !important;background-repeat: no-repeat !important;background-size: cover !important;}&#8221;][vc_column width=&#8221;5\/6&#8243; offset=&#8221;vc_hidden-lg vc_hidden-md vc_col-sm-offset-1&#8243; el_class=&#8221;color&#8211;text-inverted&#8221;][vc_column_text] Create Online\u00a0Appointment Request Please fill out the appointment request\u00a0on the form with the\u00a0specialist doctor, the content of the examination and the appropriate time information .\u00a0You will be contacted for your appointment confirmation.[\/vc_column_text][\/vc_column][vc_column el_class=&#8221;xtd-offset-dots-white&#8221; offset=&#8221;vc_col-lg-offset-0 vc_col-lg-7 vc_col-sm-offset-1&#8243;][vc_raw_html]JTNDYSUyMGlkJTNEJTIyemwtdXJsJTIyJTIwY2xhc3MlM0QlMjJ6bC11cmwlMjIlMjBocmVmJTNEJTIyaHR0cHMlM0ElMkYlMkZ3d3cuZG9rdG9ydGFrdmltaS5jb20lMkZzYXZhcy1rdWRhcyUyRnNwb3ItaGVraW1saWdpJTJGYW5rYXJhJTIyJTIwcmVsJTNEJTIybm9mb2xsb3clMjIlMjBkYXRhLXpsdy1kb2N0b3IlM0QlMjJzYXZhcy1rdWRhcyUyMiUyMGRhdGEtemx3LXR5cGUlM0QlMjJiaWdfd2l0aF9jYWxlbmRhciUyMiUyMGRhdGEtemx3LW9waW5pb24lM0QlMjJmYWxzZSUyMiUyMGRhdGEtemx3LWhpZGUtYnJhbmRpbmclM0QlMjJ0cnVlJTIyJTNFU2F2YSVDQiU5QiUyMEt1ZGElQ0IlOUIlMjAtJTIwRG9rdG9yVGFrdmltaS5jb20lM0MlMkZhJTNFJTNDc2NyaXB0JTNFJTIxZnVuY3Rpb24lMjglMjRfeCUyQ19zJTJDaWQlMjklN0J2YXIlMjBqcyUyQ2ZqcyUzRCUyNF94LmdldEVsZW1lbnRzQnlUYWdOYW1lJTI4X3MlMjklNUIwJTVEJTNCaWYlMjglMjElMjRfeC5nZXRFbGVtZW50QnlJZCUyOGlkJTI5JTI5JTdCanMlMjAlM0QlMjAlMjRfeC5jcmVhdGVFbGVtZW50JTI4X3MlMjklM0Jqcy5pZCUyMCUzRCUyMGlkJTNCanMuc3JjJTIwJTNEJTIwJTIyJTJGJTJGcGxhdGZvcm0uZG9jcGxhbm5lci5jb20lMkZqcyUyRndpZGdldC5qcyUyMiUzQmZqcy5wYXJlbnROb2RlLmluc2VydEJlZm9yZSUyOGpzJTJDZmpzJTI5JTNCJTdEJTdEJTI4ZG9jdW1lbnQlMkMlMjJzY3JpcHQlMjIlMkMlMjJ6bC13aWRnZXQtcyUyMiUyOSUzQiUzQyUyRnNjcmlwdCUzRQ==[\/vc_raw_html][\/vc_column][vc_column width=&#8221;5\/6&#8243; el_class=&#8221;color&#8211;text-inverted&#8221; css=&#8221;.vc_custom_1502725330564{padding-top: [&hellip;]<\/p>\n","protected":false},"author":1,"featured_media":0,"parent":0,"menu_order":22,"comment_status":"closed","ping_status":"closed","template":"","meta":{"inline_featured_image":false,"footnotes":""},"class_list":["post-2139","page","type-page","status-publish","hentry"],"yoast_head":"<!-- This site is optimized with the Yoast SEO plugin v26.7 - https:\/\/yoast.com\/wordpress\/plugins\/seo\/ -->\n<title>APPOINTMENT - Sava\u015f Kuda\u015f | Spor Hekimli\u011fi Uzman\u0131,<\/title>\n<meta name=\"robots\" content=\"index, follow, max-snippet:-1, max-image-preview:large, max-video-preview:-1\" \/>\n<link rel=\"canonical\" href=\"https:\/\/www.savaskudas.com\/randevu\/\" \/>\n<meta property=\"og:locale\" content=\"en_US\" \/>\n<meta property=\"og:type\" content=\"article\" \/>\n<meta property=\"og:title\" content=\"APPOINTMENT - Sava\u015f Kuda\u015f | Spor Hekimli\u011fi Uzman\u0131,\" \/>\n<meta property=\"og:description\" content=\"[vc_row full_width=&#8221;stretch_row&#8221; content_placement=&#8221;middle&#8221; curly_bg_position=&#8221;bg-pos-center-center&#8221; curly_bg_parallax=&#8221;true&#8221; curly_padding=&#8221;content-padding-xxl&#8221; css=&#8221;.vc_custom_1545595254208{background: #1187c5 url(http:\/\/u541148188.hostingerapp.com\/wp-content\/uploads\/2018\/12\/randevu_zemin-2.jpg?id=1219) !important;background-position: center !important;background-repeat: no-repeat !important;background-size: cover !important;}&#8221;][vc_column width=&#8221;5\/6&#8243; offset=&#8221;vc_hidden-lg vc_hidden-md vc_col-sm-offset-1&#8243; el_class=&#8221;color&#8211;text-inverted&#8221;][vc_column_text] Create Online\u00a0Appointment Request Please fill out the appointment request\u00a0on the form with the\u00a0specialist doctor, the content of the examination and the appropriate time information .\u00a0You will be contacted for your appointment confirmation.[\/vc_column_text][\/vc_column][vc_column el_class=&#8221;xtd-offset-dots-white&#8221; offset=&#8221;vc_col-lg-offset-0 vc_col-lg-7 vc_col-sm-offset-1&#8243;][vc_raw_html]JTNDYSUyMGlkJTNEJTIyemwtdXJsJTIyJTIwY2xhc3MlM0QlMjJ6bC11cmwlMjIlMjBocmVmJTNEJTIyaHR0cHMlM0ElMkYlMkZ3d3cuZG9rdG9ydGFrdmltaS5jb20lMkZzYXZhcy1rdWRhcyUyRnNwb3ItaGVraW1saWdpJTJGYW5rYXJhJTIyJTIwcmVsJTNEJTIybm9mb2xsb3clMjIlMjBkYXRhLXpsdy1kb2N0b3IlM0QlMjJzYXZhcy1rdWRhcyUyMiUyMGRhdGEtemx3LXR5cGUlM0QlMjJiaWdfd2l0aF9jYWxlbmRhciUyMiUyMGRhdGEtemx3LW9waW5pb24lM0QlMjJmYWxzZSUyMiUyMGRhdGEtemx3LWhpZGUtYnJhbmRpbmclM0QlMjJ0cnVlJTIyJTNFU2F2YSVDQiU5QiUyMEt1ZGElQ0IlOUIlMjAtJTIwRG9rdG9yVGFrdmltaS5jb20lM0MlMkZhJTNFJTNDc2NyaXB0JTNFJTIxZnVuY3Rpb24lMjglMjRfeCUyQ19zJTJDaWQlMjklN0J2YXIlMjBqcyUyQ2ZqcyUzRCUyNF94LmdldEVsZW1lbnRzQnlUYWdOYW1lJTI4X3MlMjklNUIwJTVEJTNCaWYlMjglMjElMjRfeC5nZXRFbGVtZW50QnlJZCUyOGlkJTI5JTI5JTdCanMlMjAlM0QlMjAlMjRfeC5jcmVhdGVFbGVtZW50JTI4X3MlMjklM0Jqcy5pZCUyMCUzRCUyMGlkJTNCanMuc3JjJTIwJTNEJTIwJTIyJTJGJTJGcGxhdGZvcm0uZG9jcGxhbm5lci5jb20lMkZqcyUyRndpZGdldC5qcyUyMiUzQmZqcy5wYXJlbnROb2RlLmluc2VydEJlZm9yZSUyOGpzJTJDZmpzJTI5JTNCJTdEJTdEJTI4ZG9jdW1lbnQlMkMlMjJzY3JpcHQlMjIlMkMlMjJ6bC13aWRnZXQtcyUyMiUyOSUzQiUzQyUyRnNjcmlwdCUzRQ==[\/vc_raw_html][\/vc_column][vc_column width=&#8221;5\/6&#8243; el_class=&#8221;color&#8211;text-inverted&#8221; css=&#8221;.vc_custom_1502725330564{padding-top: [&hellip;]\" \/>\n<meta property=\"og:url\" content=\"https:\/\/www.savaskudas.com\/randevu\/\" \/>\n<meta property=\"og:site_name\" content=\"Sava\u015f Kuda\u015f | Spor Hekimli\u011fi Uzman\u0131,\" \/>\n<meta property=\"article:modified_time\" content=\"2022-02-08T06:20:53+00:00\" \/>\n<meta name=\"twitter:card\" content=\"summary_large_image\" \/>\n<meta name=\"twitter:label1\" content=\"Est. reading time\" \/>\n\t<meta name=\"twitter:data1\" content=\"1 minute\" \/>\n<script type=\"application\/ld+json\" class=\"yoast-schema-graph\">{\"@context\":\"https:\/\/schema.org\",\"@graph\":[{\"@type\":\"WebPage\",\"@id\":\"https:\/\/www.savaskudas.com\/randevu\/\",\"url\":\"https:\/\/www.savaskudas.com\/randevu\/\",\"name\":\"APPOINTMENT - Sava\u015f Kuda\u015f | Spor Hekimli\u011fi Uzman\u0131,\",\"isPartOf\":{\"@id\":\"https:\/\/www.savaskudas.com\/#website\"},\"datePublished\":\"2017-08-10T10:48:38+00:00\",\"dateModified\":\"2022-02-08T06:20:53+00:00\",\"breadcrumb\":{\"@id\":\"https:\/\/www.savaskudas.com\/randevu\/#breadcrumb\"},\"inLanguage\":\"en-US\",\"potentialAction\":[{\"@type\":\"ReadAction\",\"target\":[\"https:\/\/www.savaskudas.com\/randevu\/\"]}]},{\"@type\":\"BreadcrumbList\",\"@id\":\"https:\/\/www.savaskudas.com\/randevu\/#breadcrumb\",\"itemListElement\":[{\"@type\":\"ListItem\",\"position\":1,\"name\":\"Home\",\"item\":\"https:\/\/www.savaskudas.com\/en\/\"},{\"@type\":\"ListItem\",\"position\":2,\"name\":\"APPOINTMENT\"}]},{\"@type\":\"WebSite\",\"@id\":\"https:\/\/www.savaskudas.com\/#website\",\"url\":\"https:\/\/www.savaskudas.com\/\",\"name\":\"Sava\u015f Kuda\u015f | Spor Hekimli\u011fi Uzman\u0131,\",\"description\":\"Bel-Boyun F\u0131t\u0131klar\u0131, K\u0131k\u0131rdak Problemleri, Tenis\u00e7i Dirse\u011fi, Bel-Boyun A\u011fr\u0131lar\u0131, Kas Sakatl\u0131klar\u0131, Eklem Yaralanmalar\u0131, Patellar Tendinit, Bilek Burkulmalar\u0131, Lenf - \u00d6dem Tedavisi, Menisk\u00fcs Yaralanmalar\u0131, Futbolcu Kas\u0131\u011f\u0131 (Osteitis Pubis), \u00d6n \u00c7apraz Ba\u011f Yaralanmalar\u0131, Ankara\",\"potentialAction\":[{\"@type\":\"SearchAction\",\"target\":{\"@type\":\"EntryPoint\",\"urlTemplate\":\"https:\/\/www.savaskudas.com\/?s={search_term_string}\"},\"query-input\":{\"@type\":\"PropertyValueSpecification\",\"valueRequired\":true,\"valueName\":\"search_term_string\"}}],\"inLanguage\":\"en-US\"}]}<\/script>\n<!-- \/ Yoast SEO plugin. -->","yoast_head_json":{"title":"APPOINTMENT - Sava\u015f Kuda\u015f | Spor Hekimli\u011fi Uzman\u0131,","robots":{"index":"index","follow":"follow","max-snippet":"max-snippet:-1","max-image-preview":"max-image-preview:large","max-video-preview":"max-video-preview:-1"},"canonical":"https:\/\/www.savaskudas.com\/randevu\/","og_locale":"en_US","og_type":"article","og_title":"APPOINTMENT - Sava\u015f Kuda\u015f | Spor Hekimli\u011fi Uzman\u0131,","og_description":"[vc_row full_width=&#8221;stretch_row&#8221; content_placement=&#8221;middle&#8221; curly_bg_position=&#8221;bg-pos-center-center&#8221; curly_bg_parallax=&#8221;true&#8221; curly_padding=&#8221;content-padding-xxl&#8221; css=&#8221;.vc_custom_1545595254208{background: #1187c5 url(http:\/\/u541148188.hostingerapp.com\/wp-content\/uploads\/2018\/12\/randevu_zemin-2.jpg?id=1219) !important;background-position: center !important;background-repeat: no-repeat !important;background-size: cover !important;}&#8221;][vc_column width=&#8221;5\/6&#8243; offset=&#8221;vc_hidden-lg vc_hidden-md vc_col-sm-offset-1&#8243; el_class=&#8221;color&#8211;text-inverted&#8221;][vc_column_text] Create Online\u00a0Appointment Request Please fill out the appointment request\u00a0on the form with the\u00a0specialist doctor, the content of the examination and the appropriate time information .\u00a0You will be contacted for your appointment confirmation.[\/vc_column_text][\/vc_column][vc_column el_class=&#8221;xtd-offset-dots-white&#8221; offset=&#8221;vc_col-lg-offset-0 vc_col-lg-7 vc_col-sm-offset-1&#8243;][vc_raw_html]JTNDYSUyMGlkJTNEJTIyemwtdXJsJTIyJTIwY2xhc3MlM0QlMjJ6bC11cmwlMjIlMjBocmVmJTNEJTIyaHR0cHMlM0ElMkYlMkZ3d3cuZG9rdG9ydGFrdmltaS5jb20lMkZzYXZhcy1rdWRhcyUyRnNwb3ItaGVraW1saWdpJTJGYW5rYXJhJTIyJTIwcmVsJTNEJTIybm9mb2xsb3clMjIlMjBkYXRhLXpsdy1kb2N0b3IlM0QlMjJzYXZhcy1rdWRhcyUyMiUyMGRhdGEtemx3LXR5cGUlM0QlMjJiaWdfd2l0aF9jYWxlbmRhciUyMiUyMGRhdGEtemx3LW9waW5pb24lM0QlMjJmYWxzZSUyMiUyMGRhdGEtemx3LWhpZGUtYnJhbmRpbmclM0QlMjJ0cnVlJTIyJTNFU2F2YSVDQiU5QiUyMEt1ZGElQ0IlOUIlMjAtJTIwRG9rdG9yVGFrdmltaS5jb20lM0MlMkZhJTNFJTNDc2NyaXB0JTNFJTIxZnVuY3Rpb24lMjglMjRfeCUyQ19zJTJDaWQlMjklN0J2YXIlMjBqcyUyQ2ZqcyUzRCUyNF94LmdldEVsZW1lbnRzQnlUYWdOYW1lJTI4X3MlMjklNUIwJTVEJTNCaWYlMjglMjElMjRfeC5nZXRFbGVtZW50QnlJZCUyOGlkJTI5JTI5JTdCanMlMjAlM0QlMjAlMjRfeC5jcmVhdGVFbGVtZW50JTI4X3MlMjklM0Jqcy5pZCUyMCUzRCUyMGlkJTNCanMuc3JjJTIwJTNEJTIwJTIyJTJGJTJGcGxhdGZvcm0uZG9jcGxhbm5lci5jb20lMkZqcyUyRndpZGdldC5qcyUyMiUzQmZqcy5wYXJlbnROb2RlLmluc2VydEJlZm9yZSUyOGpzJTJDZmpzJTI5JTNCJTdEJTdEJTI4ZG9jdW1lbnQlMkMlMjJzY3JpcHQlMjIlMkMlMjJ6bC13aWRnZXQtcyUyMiUyOSUzQiUzQyUyRnNjcmlwdCUzRQ==[\/vc_raw_html][\/vc_column][vc_column width=&#8221;5\/6&#8243; el_class=&#8221;color&#8211;text-inverted&#8221; css=&#8221;.vc_custom_1502725330564{padding-top: [&hellip;]","og_url":"https:\/\/www.savaskudas.com\/randevu\/","og_site_name":"Sava\u015f Kuda\u015f | Spor Hekimli\u011fi Uzman\u0131,","article_modified_time":"2022-02-08T06:20:53+00:00","twitter_card":"summary_large_image","twitter_misc":{"Est. reading time":"1 minute"},"schema":{"@context":"https:\/\/schema.org","@graph":[{"@type":"WebPage","@id":"https:\/\/www.savaskudas.com\/randevu\/","url":"https:\/\/www.savaskudas.com\/randevu\/","name":"APPOINTMENT - Sava\u015f Kuda\u015f | Spor Hekimli\u011fi Uzman\u0131,","isPartOf":{"@id":"https:\/\/www.savaskudas.com\/#website"},"datePublished":"2017-08-10T10:48:38+00:00","dateModified":"2022-02-08T06:20:53+00:00","breadcrumb":{"@id":"https:\/\/www.savaskudas.com\/randevu\/#breadcrumb"},"inLanguage":"en-US","potentialAction":[{"@type":"ReadAction","target":["https:\/\/www.savaskudas.com\/randevu\/"]}]},{"@type":"BreadcrumbList","@id":"https:\/\/www.savaskudas.com\/randevu\/#breadcrumb","itemListElement":[{"@type":"ListItem","position":1,"name":"Home","item":"https:\/\/www.savaskudas.com\/en\/"},{"@type":"ListItem","position":2,"name":"APPOINTMENT"}]},{"@type":"WebSite","@id":"https:\/\/www.savaskudas.com\/#website","url":"https:\/\/www.savaskudas.com\/","name":"Sava\u015f Kuda\u015f | Spor Hekimli\u011fi Uzman\u0131,","description":"Bel-Boyun F\u0131t\u0131klar\u0131, K\u0131k\u0131rdak Problemleri, Tenis\u00e7i Dirse\u011fi, Bel-Boyun A\u011fr\u0131lar\u0131, Kas Sakatl\u0131klar\u0131, Eklem Yaralanmalar\u0131, Patellar Tendinit, Bilek Burkulmalar\u0131, Lenf - \u00d6dem Tedavisi, Menisk\u00fcs Yaralanmalar\u0131, Futbolcu Kas\u0131\u011f\u0131 (Osteitis Pubis), \u00d6n \u00c7apraz Ba\u011f Yaralanmalar\u0131, Ankara","potentialAction":[{"@type":"SearchAction","target":{"@type":"EntryPoint","urlTemplate":"https:\/\/www.savaskudas.com\/?s={search_term_string}"},"query-input":{"@type":"PropertyValueSpecification","valueRequired":true,"valueName":"search_term_string"}}],"inLanguage":"en-US"}]}},"_links":{"self":[{"href":"https:\/\/www.savaskudas.com\/en\/wp-json\/wp\/v2\/pages\/2139","targetHints":{"allow":["GET"]}}],"collection":[{"href":"https:\/\/www.savaskudas.com\/en\/wp-json\/wp\/v2\/pages"}],"about":[{"href":"https:\/\/www.savaskudas.com\/en\/wp-json\/wp\/v2\/types\/page"}],"author":[{"embeddable":true,"href":"https:\/\/www.savaskudas.com\/en\/wp-json\/wp\/v2\/users\/1"}],"replies":[{"embeddable":true,"href":"https:\/\/www.savaskudas.com\/en\/wp-json\/wp\/v2\/comments?post=2139"}],"version-history":[{"count":0,"href":"https:\/\/www.savaskudas.com\/en\/wp-json\/wp\/v2\/pages\/2139\/revisions"}],"wp:attachment":[{"href":"https:\/\/www.savaskudas.com\/en\/wp-json\/wp\/v2\/media?parent=2139"}],"curies":[{"name":"wp","href":"https:\/\/api.w.org\/{rel}","templated":true}]}}