{"id":2118,"date":"2020-06-19T21:48:58","date_gmt":"2020-06-19T18:48:58","guid":{"rendered":"http:\/\/www.savaskudas.com\/ultrason-esliginde-enjeksiyon\/"},"modified":"2022-02-07T23:51:20","modified_gmt":"2022-02-07T20:51:20","slug":"ultrasound-guided-injection","status":"publish","type":"page","link":"https:\/\/www.savaskudas.com\/en\/ultrasound-guided-injection\/","title":{"rendered":"Ultrasound Guided Injection"},"content":{"rendered":"<div class=\"wpb-content-wrapper\">[vc_row full_width=&#8221;stretch_row&#8221; content_placement=&#8221;middle&#8221; curly_padding=&#8221;content-padding-lg&#8221; el_id=&#8221;enjeksiyon&#8221;][vc_column width=&#8221;1\/2&#8243; curly_padding=&#8221;content-padding&#8221; offset=&#8221;vc_col-lg-offset-1 vc_col-lg-5&#8243;][vc_single_image image=&#8221;1518&#8243; img_size=&#8221;full&#8221; style=&#8221;xtd-shadow&#8211;normal-light&#8221; el_class=&#8221;xtd-offset-dots&#8221;][\/vc_column][vc_column width=&#8221;1\/2&#8243; curly_padding=&#8221;content-padding&#8221; offset=&#8221;vc_col-lg-offset-1 vc_col-lg-5&#8243;][vc_column_text]\n<h3 class=\"special-title\"><strong>Ultrasound Guided Injection<\/strong><\/h3>\n[\/vc_column_text][vc_column_text]Studies show that ultrasound guided injections are much more accurate than &#8220;blind&#8221; injections.\u00a0The doctor has the ability to see exactly where the injection went and where they are targeting the area.\u00a0Ultrasound-guided injections increase the effectiveness of treatment and allow the use of a thinner, less painful needle.\u00a0These procedures do not require anesthesia and there is no radiation in the ultrasound device.<\/p>\n<p>Injection applications are widely used in the treatment of musculoskeletal complaints.<\/p>\n<blockquote><p>Injection applications are performed for the purpose of eliminating acute symptoms, accelerating recovery and diagnostic purposes.<\/p><\/blockquote>\n<p>The most common indication is to relieve the patient&#8217;s pain and improve range of motion.\u00a0Generally used injection indications are intra-articular applications, tendon injections, trigger point injections and intralesional injections.[\/vc_column_text][\/vc_column][\/vc_row]\n<\/div>","protected":false},"excerpt":{"rendered":"<p>[vc_row full_width=&#8221;stretch_row&#8221; content_placement=&#8221;middle&#8221; curly_padding=&#8221;content-padding-lg&#8221; el_id=&#8221;enjeksiyon&#8221;][vc_column width=&#8221;1\/2&#8243; curly_padding=&#8221;content-padding&#8221; offset=&#8221;vc_col-lg-offset-1 vc_col-lg-5&#8243;][vc_single_image image=&#8221;1518&#8243; img_size=&#8221;full&#8221; style=&#8221;xtd-shadow&#8211;normal-light&#8221; el_class=&#8221;xtd-offset-dots&#8221;][\/vc_column][vc_column width=&#8221;1\/2&#8243; curly_padding=&#8221;content-padding&#8221; offset=&#8221;vc_col-lg-offset-1 vc_col-lg-5&#8243;][vc_column_text] Ultrasound Guided Injection [\/vc_column_text][vc_column_text]Studies show that ultrasound guided injections are much more accurate than &#8220;blind&#8221; injections.\u00a0The doctor has the ability to see exactly where the injection went and where they are targeting the area.\u00a0Ultrasound-guided injections increase the effectiveness of treatment and allow the [&hellip;]<\/p>\n","protected":false},"author":1,"featured_media":0,"parent":0,"menu_order":15,"comment_status":"open","ping_status":"closed","template":"","meta":{"inline_featured_image":false,"footnotes":""},"class_list":["post-2118","page","type-page","status-publish","hentry"],"yoast_head":"<!-- This site is optimized with the Yoast SEO plugin v26.7 - https:\/\/yoast.com\/wordpress\/plugins\/seo\/ -->\n<title>Ultrasound Guided Injection - Sava\u015f Kuda\u015f | Spor Hekimli\u011fi Uzman\u0131,<\/title>\n<meta name=\"robots\" content=\"index, follow, max-snippet:-1, max-image-preview:large, max-video-preview:-1\" \/>\n<link rel=\"canonical\" href=\"https:\/\/www.savaskudas.com\/en\/ultrasound-guided-injection\/\" \/>\n<meta property=\"og:locale\" content=\"en_US\" \/>\n<meta property=\"og:type\" content=\"article\" \/>\n<meta property=\"og:title\" content=\"Ultrasound Guided Injection - Sava\u015f Kuda\u015f | Spor Hekimli\u011fi Uzman\u0131,\" \/>\n<meta property=\"og:description\" content=\"[vc_row full_width=&#8221;stretch_row&#8221; content_placement=&#8221;middle&#8221; curly_padding=&#8221;content-padding-lg&#8221; el_id=&#8221;enjeksiyon&#8221;][vc_column width=&#8221;1\/2&#8243; curly_padding=&#8221;content-padding&#8221; offset=&#8221;vc_col-lg-offset-1 vc_col-lg-5&#8243;][vc_single_image image=&#8221;1518&#8243; img_size=&#8221;full&#8221; style=&#8221;xtd-shadow&#8211;normal-light&#8221; el_class=&#8221;xtd-offset-dots&#8221;][\/vc_column][vc_column width=&#8221;1\/2&#8243; curly_padding=&#8221;content-padding&#8221; offset=&#8221;vc_col-lg-offset-1 vc_col-lg-5&#8243;][vc_column_text] Ultrasound Guided Injection [\/vc_column_text][vc_column_text]Studies show that ultrasound guided injections are much more accurate than &#8220;blind&#8221; injections.\u00a0The doctor has the ability to see exactly where the injection went and where they are targeting the area.\u00a0Ultrasound-guided injections increase the effectiveness of treatment and allow the [&hellip;]\" \/>\n<meta property=\"og:url\" content=\"https:\/\/www.savaskudas.com\/en\/ultrasound-guided-injection\/\" \/>\n<meta property=\"og:site_name\" content=\"Sava\u015f Kuda\u015f | Spor Hekimli\u011fi Uzman\u0131,\" \/>\n<meta property=\"article:modified_time\" content=\"2022-02-07T20:51:20+00:00\" \/>\n<meta name=\"twitter:card\" content=\"summary_large_image\" \/>\n<meta name=\"twitter:label1\" content=\"Est. reading time\" \/>\n\t<meta name=\"twitter:data1\" content=\"1 minute\" \/>\n<script type=\"application\/ld+json\" class=\"yoast-schema-graph\">{\"@context\":\"https:\/\/schema.org\",\"@graph\":[{\"@type\":\"WebPage\",\"@id\":\"https:\/\/www.savaskudas.com\/en\/ultrasound-guided-injection\/\",\"url\":\"https:\/\/www.savaskudas.com\/en\/ultrasound-guided-injection\/\",\"name\":\"Ultrasound Guided Injection - Sava\u015f Kuda\u015f | Spor Hekimli\u011fi Uzman\u0131,\",\"isPartOf\":{\"@id\":\"https:\/\/www.savaskudas.com\/#website\"},\"datePublished\":\"2020-06-19T18:48:58+00:00\",\"dateModified\":\"2022-02-07T20:51:20+00:00\",\"breadcrumb\":{\"@id\":\"https:\/\/www.savaskudas.com\/en\/ultrasound-guided-injection\/#breadcrumb\"},\"inLanguage\":\"en-US\",\"potentialAction\":[{\"@type\":\"ReadAction\",\"target\":[\"https:\/\/www.savaskudas.com\/en\/ultrasound-guided-injection\/\"]}]},{\"@type\":\"BreadcrumbList\",\"@id\":\"https:\/\/www.savaskudas.com\/en\/ultrasound-guided-injection\/#breadcrumb\",\"itemListElement\":[{\"@type\":\"ListItem\",\"position\":1,\"name\":\"Home\",\"item\":\"https:\/\/www.savaskudas.com\/en\/\"},{\"@type\":\"ListItem\",\"position\":2,\"name\":\"Ultrasound Guided Injection\"}]},{\"@type\":\"WebSite\",\"@id\":\"https:\/\/www.savaskudas.com\/#website\",\"url\":\"https:\/\/www.savaskudas.com\/\",\"name\":\"Sava\u015f Kuda\u015f | Spor Hekimli\u011fi Uzman\u0131,\",\"description\":\"Bel-Boyun F\u0131t\u0131klar\u0131, K\u0131k\u0131rdak Problemleri, Tenis\u00e7i Dirse\u011fi, Bel-Boyun A\u011fr\u0131lar\u0131, Kas Sakatl\u0131klar\u0131, Eklem Yaralanmalar\u0131, Patellar Tendinit, Bilek Burkulmalar\u0131, Lenf - \u00d6dem Tedavisi, Menisk\u00fcs Yaralanmalar\u0131, Futbolcu Kas\u0131\u011f\u0131 (Osteitis Pubis), \u00d6n \u00c7apraz Ba\u011f Yaralanmalar\u0131, Ankara\",\"potentialAction\":[{\"@type\":\"SearchAction\",\"target\":{\"@type\":\"EntryPoint\",\"urlTemplate\":\"https:\/\/www.savaskudas.com\/?s={search_term_string}\"},\"query-input\":{\"@type\":\"PropertyValueSpecification\",\"valueRequired\":true,\"valueName\":\"search_term_string\"}}],\"inLanguage\":\"en-US\"}]}<\/script>\n<!-- \/ Yoast SEO plugin. -->","yoast_head_json":{"title":"Ultrasound Guided Injection - Sava\u015f Kuda\u015f | Spor Hekimli\u011fi Uzman\u0131,","robots":{"index":"index","follow":"follow","max-snippet":"max-snippet:-1","max-image-preview":"max-image-preview:large","max-video-preview":"max-video-preview:-1"},"canonical":"https:\/\/www.savaskudas.com\/en\/ultrasound-guided-injection\/","og_locale":"en_US","og_type":"article","og_title":"Ultrasound Guided Injection - Sava\u015f Kuda\u015f | Spor Hekimli\u011fi Uzman\u0131,","og_description":"[vc_row full_width=&#8221;stretch_row&#8221; content_placement=&#8221;middle&#8221; curly_padding=&#8221;content-padding-lg&#8221; el_id=&#8221;enjeksiyon&#8221;][vc_column width=&#8221;1\/2&#8243; curly_padding=&#8221;content-padding&#8221; offset=&#8221;vc_col-lg-offset-1 vc_col-lg-5&#8243;][vc_single_image image=&#8221;1518&#8243; img_size=&#8221;full&#8221; style=&#8221;xtd-shadow&#8211;normal-light&#8221; el_class=&#8221;xtd-offset-dots&#8221;][\/vc_column][vc_column width=&#8221;1\/2&#8243; curly_padding=&#8221;content-padding&#8221; offset=&#8221;vc_col-lg-offset-1 vc_col-lg-5&#8243;][vc_column_text] Ultrasound Guided Injection [\/vc_column_text][vc_column_text]Studies show that ultrasound guided injections are much more accurate than &#8220;blind&#8221; injections.\u00a0The doctor has the ability to see exactly where the injection went and where they are targeting the area.\u00a0Ultrasound-guided injections increase the effectiveness of treatment and allow the [&hellip;]","og_url":"https:\/\/www.savaskudas.com\/en\/ultrasound-guided-injection\/","og_site_name":"Sava\u015f Kuda\u015f | Spor Hekimli\u011fi Uzman\u0131,","article_modified_time":"2022-02-07T20:51:20+00:00","twitter_card":"summary_large_image","twitter_misc":{"Est. reading time":"1 minute"},"schema":{"@context":"https:\/\/schema.org","@graph":[{"@type":"WebPage","@id":"https:\/\/www.savaskudas.com\/en\/ultrasound-guided-injection\/","url":"https:\/\/www.savaskudas.com\/en\/ultrasound-guided-injection\/","name":"Ultrasound Guided Injection - Sava\u015f Kuda\u015f | Spor Hekimli\u011fi Uzman\u0131,","isPartOf":{"@id":"https:\/\/www.savaskudas.com\/#website"},"datePublished":"2020-06-19T18:48:58+00:00","dateModified":"2022-02-07T20:51:20+00:00","breadcrumb":{"@id":"https:\/\/www.savaskudas.com\/en\/ultrasound-guided-injection\/#breadcrumb"},"inLanguage":"en-US","potentialAction":[{"@type":"ReadAction","target":["https:\/\/www.savaskudas.com\/en\/ultrasound-guided-injection\/"]}]},{"@type":"BreadcrumbList","@id":"https:\/\/www.savaskudas.com\/en\/ultrasound-guided-injection\/#breadcrumb","itemListElement":[{"@type":"ListItem","position":1,"name":"Home","item":"https:\/\/www.savaskudas.com\/en\/"},{"@type":"ListItem","position":2,"name":"Ultrasound Guided Injection"}]},{"@type":"WebSite","@id":"https:\/\/www.savaskudas.com\/#website","url":"https:\/\/www.savaskudas.com\/","name":"Sava\u015f Kuda\u015f | Spor Hekimli\u011fi Uzman\u0131,","description":"Bel-Boyun F\u0131t\u0131klar\u0131, K\u0131k\u0131rdak Problemleri, Tenis\u00e7i Dirse\u011fi, Bel-Boyun A\u011fr\u0131lar\u0131, Kas Sakatl\u0131klar\u0131, Eklem Yaralanmalar\u0131, Patellar Tendinit, Bilek Burkulmalar\u0131, Lenf - \u00d6dem Tedavisi, Menisk\u00fcs Yaralanmalar\u0131, Futbolcu Kas\u0131\u011f\u0131 (Osteitis Pubis), \u00d6n \u00c7apraz Ba\u011f Yaralanmalar\u0131, Ankara","potentialAction":[{"@type":"SearchAction","target":{"@type":"EntryPoint","urlTemplate":"https:\/\/www.savaskudas.com\/?s={search_term_string}"},"query-input":{"@type":"PropertyValueSpecification","valueRequired":true,"valueName":"search_term_string"}}],"inLanguage":"en-US"}]}},"_links":{"self":[{"href":"https:\/\/www.savaskudas.com\/en\/wp-json\/wp\/v2\/pages\/2118","targetHints":{"allow":["GET"]}}],"collection":[{"href":"https:\/\/www.savaskudas.com\/en\/wp-json\/wp\/v2\/pages"}],"about":[{"href":"https:\/\/www.savaskudas.com\/en\/wp-json\/wp\/v2\/types\/page"}],"author":[{"embeddable":true,"href":"https:\/\/www.savaskudas.com\/en\/wp-json\/wp\/v2\/users\/1"}],"replies":[{"embeddable":true,"href":"https:\/\/www.savaskudas.com\/en\/wp-json\/wp\/v2\/comments?post=2118"}],"version-history":[{"count":0,"href":"https:\/\/www.savaskudas.com\/en\/wp-json\/wp\/v2\/pages\/2118\/revisions"}],"wp:attachment":[{"href":"https:\/\/www.savaskudas.com\/en\/wp-json\/wp\/v2\/media?parent=2118"}],"curies":[{"name":"wp","href":"https:\/\/api.w.org\/{rel}","templated":true}]}}