{"id":2116,"date":"2020-06-19T21:50:53","date_gmt":"2020-06-19T18:50:53","guid":{"rendered":"http:\/\/www.savaskudas.com\/sportif-rehabilitasyon-ve-fizyoterapi\/"},"modified":"2022-02-07T23:55:05","modified_gmt":"2022-02-07T20:55:05","slug":"sporty-rehabilitation-and-physiotherapy","status":"publish","type":"page","link":"https:\/\/www.savaskudas.com\/en\/sporty-rehabilitation-and-physiotherapy\/","title":{"rendered":"Sporty Rehabilitation and Physiotherapy"},"content":{"rendered":"<div class=\"wpb-content-wrapper\">[vc_row full_width=&#8221;stretch_row&#8221; equal_height=&#8221;yes&#8221; content_placement=&#8221;middle&#8221; curly_padding=&#8221;content-padding-lg&#8221; css=&#8221;.vc_custom_1600026491102{background-color: #ffffff !important;}&#8221; el_id=&#8221;rehabilitasyon&#8221;][vc_column width=&#8221;1\/2&#8243; curly_padding=&#8221;content-padding&#8221; offset=&#8221;vc_col-lg-offset-1 vc_col-lg-5&#8243;][vc_single_image image=&#8221;1438&#8243; img_size=&#8221;full&#8221; style=&#8221;xtd-shadow&#8211;normal-light&#8221; el_class=&#8221;xtd-offset-dots&#8221;][\/vc_column][vc_column width=&#8221;1\/2&#8243; curly_bg_position=&#8221;bg-pos-left-top&#8221; curly_padding=&#8221;content-padding&#8221; offset=&#8221;vc_col-lg-offset-1 vc_col-lg-5&#8243;][vc_column_text]\n<h3 class=\"special-title\">Sporty<strong>Rehabilitation and Physiotherapy<\/strong><\/h3>\n[\/vc_column_text][vc_column_text]\n<div class=\"wpb_text_column wpb_content_element \">\n<div class=\"wpb_wrapper\">\n<p>Sports injury covers the situations that occur when the endurance limits of the tissues are exceeded as a result of the whole or a part of the body encountering a force greater than normal.<\/p>\n<p>Most sports injuries are of the type that do not require serious treatment and can heal in a short time.\u00a0However, in some cases, short or long-term injuries occur and cause the person to stay away from sports.<\/p>\n<blockquote><p>A suitable rehabilitation program comes first among the factors that determine the prognosis and return to active sports in athletes who have undergone surgery or are treated with conservative methods.<\/p><\/blockquote>\n<\/div>\n<\/div>\n[\/vc_column_text][vc_column_text]\n<div class=\"wpb_text_column wpb_content_element \">\n<div class=\"wpb_wrapper\"><\/div>\n<\/div>\n<div class=\"wpb_text_column wpb_content_element \">\n<div class=\"wpb_wrapper\">\n<p>During the sportive rehabilitation phase, our team evaluates the athlete in detail.\u00a0It determines the performance of the athlete and the risk of injury and accordingly prepares the necessary practices to eliminate the foreseen risks.\u00a0It plans an appropriate protective exercise program specific to the individual and the branch of the athlete, aiming to rehabilitate existing limitations and undesirable situations.\u00a0It aims to show a healthy and high performance.\u00a0Every individual whose rehabilitation process is completed is ready to return to the field.<\/p>\n<\/div>\n<\/div>\n[\/vc_column_text][\/vc_column][\/vc_row]\n<\/div>","protected":false},"excerpt":{"rendered":"<p>[vc_row full_width=&#8221;stretch_row&#8221; equal_height=&#8221;yes&#8221; content_placement=&#8221;middle&#8221; curly_padding=&#8221;content-padding-lg&#8221; css=&#8221;.vc_custom_1600026491102{background-color: #ffffff !important;}&#8221; el_id=&#8221;rehabilitasyon&#8221;][vc_column width=&#8221;1\/2&#8243; curly_padding=&#8221;content-padding&#8221; offset=&#8221;vc_col-lg-offset-1 vc_col-lg-5&#8243;][vc_single_image image=&#8221;1438&#8243; img_size=&#8221;full&#8221; style=&#8221;xtd-shadow&#8211;normal-light&#8221; el_class=&#8221;xtd-offset-dots&#8221;][\/vc_column][vc_column width=&#8221;1\/2&#8243; curly_bg_position=&#8221;bg-pos-left-top&#8221; curly_padding=&#8221;content-padding&#8221; offset=&#8221;vc_col-lg-offset-1 vc_col-lg-5&#8243;][vc_column_text] SportyRehabilitation and Physiotherapy [\/vc_column_text][vc_column_text] Sports injury covers the situations that occur when the endurance limits of the tissues are exceeded as a result of the whole or a part of the body encountering a force greater than normal. [&hellip;]<\/p>\n","protected":false},"author":1,"featured_media":0,"parent":0,"menu_order":18,"comment_status":"open","ping_status":"closed","template":"","meta":{"inline_featured_image":false,"footnotes":""},"class_list":["post-2116","page","type-page","status-publish","hentry"],"yoast_head":"<!-- This site is optimized with the Yoast SEO plugin v26.7 - https:\/\/yoast.com\/wordpress\/plugins\/seo\/ -->\n<title>Sporty Rehabilitation and Physiotherapy - Sava\u015f Kuda\u015f | Spor Hekimli\u011fi Uzman\u0131,<\/title>\n<meta name=\"robots\" content=\"index, follow, max-snippet:-1, max-image-preview:large, max-video-preview:-1\" \/>\n<link rel=\"canonical\" href=\"https:\/\/www.savaskudas.com\/en\/sporty-rehabilitation-and-physiotherapy\/\" \/>\n<meta property=\"og:locale\" content=\"en_US\" \/>\n<meta property=\"og:type\" content=\"article\" \/>\n<meta property=\"og:title\" content=\"Sporty Rehabilitation and Physiotherapy - Sava\u015f Kuda\u015f | Spor Hekimli\u011fi Uzman\u0131,\" \/>\n<meta property=\"og:description\" content=\"[vc_row full_width=&#8221;stretch_row&#8221; equal_height=&#8221;yes&#8221; content_placement=&#8221;middle&#8221; curly_padding=&#8221;content-padding-lg&#8221; css=&#8221;.vc_custom_1600026491102{background-color: #ffffff !important;}&#8221; el_id=&#8221;rehabilitasyon&#8221;][vc_column width=&#8221;1\/2&#8243; curly_padding=&#8221;content-padding&#8221; offset=&#8221;vc_col-lg-offset-1 vc_col-lg-5&#8243;][vc_single_image image=&#8221;1438&#8243; img_size=&#8221;full&#8221; style=&#8221;xtd-shadow&#8211;normal-light&#8221; el_class=&#8221;xtd-offset-dots&#8221;][\/vc_column][vc_column width=&#8221;1\/2&#8243; curly_bg_position=&#8221;bg-pos-left-top&#8221; curly_padding=&#8221;content-padding&#8221; offset=&#8221;vc_col-lg-offset-1 vc_col-lg-5&#8243;][vc_column_text] SportyRehabilitation and Physiotherapy [\/vc_column_text][vc_column_text] Sports injury covers the situations that occur when the endurance limits of the tissues are exceeded as a result of the whole or a part of the body encountering a force greater than normal. [&hellip;]\" \/>\n<meta property=\"og:url\" content=\"https:\/\/www.savaskudas.com\/en\/sporty-rehabilitation-and-physiotherapy\/\" \/>\n<meta property=\"og:site_name\" content=\"Sava\u015f Kuda\u015f | Spor Hekimli\u011fi Uzman\u0131,\" \/>\n<meta property=\"article:modified_time\" content=\"2022-02-07T20:55:05+00:00\" \/>\n<meta name=\"twitter:card\" content=\"summary_large_image\" \/>\n<meta name=\"twitter:label1\" content=\"Est. reading time\" \/>\n\t<meta name=\"twitter:data1\" content=\"1 minute\" \/>\n<script type=\"application\/ld+json\" class=\"yoast-schema-graph\">{\"@context\":\"https:\/\/schema.org\",\"@graph\":[{\"@type\":\"WebPage\",\"@id\":\"https:\/\/www.savaskudas.com\/en\/sporty-rehabilitation-and-physiotherapy\/\",\"url\":\"https:\/\/www.savaskudas.com\/en\/sporty-rehabilitation-and-physiotherapy\/\",\"name\":\"Sporty Rehabilitation and Physiotherapy - Sava\u015f Kuda\u015f | Spor Hekimli\u011fi Uzman\u0131,\",\"isPartOf\":{\"@id\":\"https:\/\/www.savaskudas.com\/#website\"},\"datePublished\":\"2020-06-19T18:50:53+00:00\",\"dateModified\":\"2022-02-07T20:55:05+00:00\",\"breadcrumb\":{\"@id\":\"https:\/\/www.savaskudas.com\/en\/sporty-rehabilitation-and-physiotherapy\/#breadcrumb\"},\"inLanguage\":\"en-US\",\"potentialAction\":[{\"@type\":\"ReadAction\",\"target\":[\"https:\/\/www.savaskudas.com\/en\/sporty-rehabilitation-and-physiotherapy\/\"]}]},{\"@type\":\"BreadcrumbList\",\"@id\":\"https:\/\/www.savaskudas.com\/en\/sporty-rehabilitation-and-physiotherapy\/#breadcrumb\",\"itemListElement\":[{\"@type\":\"ListItem\",\"position\":1,\"name\":\"Home\",\"item\":\"https:\/\/www.savaskudas.com\/en\/\"},{\"@type\":\"ListItem\",\"position\":2,\"name\":\"Sporty Rehabilitation and Physiotherapy\"}]},{\"@type\":\"WebSite\",\"@id\":\"https:\/\/www.savaskudas.com\/#website\",\"url\":\"https:\/\/www.savaskudas.com\/\",\"name\":\"Sava\u015f Kuda\u015f | Spor Hekimli\u011fi Uzman\u0131,\",\"description\":\"Bel-Boyun F\u0131t\u0131klar\u0131, K\u0131k\u0131rdak Problemleri, Tenis\u00e7i Dirse\u011fi, Bel-Boyun A\u011fr\u0131lar\u0131, Kas Sakatl\u0131klar\u0131, Eklem Yaralanmalar\u0131, Patellar Tendinit, Bilek Burkulmalar\u0131, Lenf - \u00d6dem Tedavisi, Menisk\u00fcs Yaralanmalar\u0131, Futbolcu Kas\u0131\u011f\u0131 (Osteitis Pubis), \u00d6n \u00c7apraz Ba\u011f Yaralanmalar\u0131, Ankara\",\"potentialAction\":[{\"@type\":\"SearchAction\",\"target\":{\"@type\":\"EntryPoint\",\"urlTemplate\":\"https:\/\/www.savaskudas.com\/?s={search_term_string}\"},\"query-input\":{\"@type\":\"PropertyValueSpecification\",\"valueRequired\":true,\"valueName\":\"search_term_string\"}}],\"inLanguage\":\"en-US\"}]}<\/script>\n<!-- \/ Yoast SEO plugin. -->","yoast_head_json":{"title":"Sporty Rehabilitation and Physiotherapy - Sava\u015f Kuda\u015f | Spor Hekimli\u011fi Uzman\u0131,","robots":{"index":"index","follow":"follow","max-snippet":"max-snippet:-1","max-image-preview":"max-image-preview:large","max-video-preview":"max-video-preview:-1"},"canonical":"https:\/\/www.savaskudas.com\/en\/sporty-rehabilitation-and-physiotherapy\/","og_locale":"en_US","og_type":"article","og_title":"Sporty Rehabilitation and Physiotherapy - Sava\u015f Kuda\u015f | Spor Hekimli\u011fi Uzman\u0131,","og_description":"[vc_row full_width=&#8221;stretch_row&#8221; equal_height=&#8221;yes&#8221; content_placement=&#8221;middle&#8221; curly_padding=&#8221;content-padding-lg&#8221; css=&#8221;.vc_custom_1600026491102{background-color: #ffffff !important;}&#8221; el_id=&#8221;rehabilitasyon&#8221;][vc_column width=&#8221;1\/2&#8243; curly_padding=&#8221;content-padding&#8221; offset=&#8221;vc_col-lg-offset-1 vc_col-lg-5&#8243;][vc_single_image image=&#8221;1438&#8243; img_size=&#8221;full&#8221; style=&#8221;xtd-shadow&#8211;normal-light&#8221; el_class=&#8221;xtd-offset-dots&#8221;][\/vc_column][vc_column width=&#8221;1\/2&#8243; curly_bg_position=&#8221;bg-pos-left-top&#8221; curly_padding=&#8221;content-padding&#8221; offset=&#8221;vc_col-lg-offset-1 vc_col-lg-5&#8243;][vc_column_text] SportyRehabilitation and Physiotherapy [\/vc_column_text][vc_column_text] Sports injury covers the situations that occur when the endurance limits of the tissues are exceeded as a result of the whole or a part of the body encountering a force greater than normal. [&hellip;]","og_url":"https:\/\/www.savaskudas.com\/en\/sporty-rehabilitation-and-physiotherapy\/","og_site_name":"Sava\u015f Kuda\u015f | Spor Hekimli\u011fi Uzman\u0131,","article_modified_time":"2022-02-07T20:55:05+00:00","twitter_card":"summary_large_image","twitter_misc":{"Est. reading time":"1 minute"},"schema":{"@context":"https:\/\/schema.org","@graph":[{"@type":"WebPage","@id":"https:\/\/www.savaskudas.com\/en\/sporty-rehabilitation-and-physiotherapy\/","url":"https:\/\/www.savaskudas.com\/en\/sporty-rehabilitation-and-physiotherapy\/","name":"Sporty Rehabilitation and Physiotherapy - Sava\u015f Kuda\u015f | Spor Hekimli\u011fi Uzman\u0131,","isPartOf":{"@id":"https:\/\/www.savaskudas.com\/#website"},"datePublished":"2020-06-19T18:50:53+00:00","dateModified":"2022-02-07T20:55:05+00:00","breadcrumb":{"@id":"https:\/\/www.savaskudas.com\/en\/sporty-rehabilitation-and-physiotherapy\/#breadcrumb"},"inLanguage":"en-US","potentialAction":[{"@type":"ReadAction","target":["https:\/\/www.savaskudas.com\/en\/sporty-rehabilitation-and-physiotherapy\/"]}]},{"@type":"BreadcrumbList","@id":"https:\/\/www.savaskudas.com\/en\/sporty-rehabilitation-and-physiotherapy\/#breadcrumb","itemListElement":[{"@type":"ListItem","position":1,"name":"Home","item":"https:\/\/www.savaskudas.com\/en\/"},{"@type":"ListItem","position":2,"name":"Sporty Rehabilitation and Physiotherapy"}]},{"@type":"WebSite","@id":"https:\/\/www.savaskudas.com\/#website","url":"https:\/\/www.savaskudas.com\/","name":"Sava\u015f Kuda\u015f | Spor Hekimli\u011fi Uzman\u0131,","description":"Bel-Boyun F\u0131t\u0131klar\u0131, K\u0131k\u0131rdak Problemleri, Tenis\u00e7i Dirse\u011fi, Bel-Boyun A\u011fr\u0131lar\u0131, Kas Sakatl\u0131klar\u0131, Eklem Yaralanmalar\u0131, Patellar Tendinit, Bilek Burkulmalar\u0131, Lenf - \u00d6dem Tedavisi, Menisk\u00fcs Yaralanmalar\u0131, Futbolcu Kas\u0131\u011f\u0131 (Osteitis Pubis), \u00d6n \u00c7apraz Ba\u011f Yaralanmalar\u0131, Ankara","potentialAction":[{"@type":"SearchAction","target":{"@type":"EntryPoint","urlTemplate":"https:\/\/www.savaskudas.com\/?s={search_term_string}"},"query-input":{"@type":"PropertyValueSpecification","valueRequired":true,"valueName":"search_term_string"}}],"inLanguage":"en-US"}]}},"_links":{"self":[{"href":"https:\/\/www.savaskudas.com\/en\/wp-json\/wp\/v2\/pages\/2116","targetHints":{"allow":["GET"]}}],"collection":[{"href":"https:\/\/www.savaskudas.com\/en\/wp-json\/wp\/v2\/pages"}],"about":[{"href":"https:\/\/www.savaskudas.com\/en\/wp-json\/wp\/v2\/types\/page"}],"author":[{"embeddable":true,"href":"https:\/\/www.savaskudas.com\/en\/wp-json\/wp\/v2\/users\/1"}],"replies":[{"embeddable":true,"href":"https:\/\/www.savaskudas.com\/en\/wp-json\/wp\/v2\/comments?post=2116"}],"version-history":[{"count":0,"href":"https:\/\/www.savaskudas.com\/en\/wp-json\/wp\/v2\/pages\/2116\/revisions"}],"wp:attachment":[{"href":"https:\/\/www.savaskudas.com\/en\/wp-json\/wp\/v2\/media?parent=2116"}],"curies":[{"name":"wp","href":"https:\/\/api.w.org\/{rel}","templated":true}]}}