{"id":2114,"date":"2020-06-19T21:46:55","date_gmt":"2020-06-19T18:46:55","guid":{"rendered":"http:\/\/www.savaskudas.com\/prp-ve-orthokine\/"},"modified":"2022-02-07T23:49:02","modified_gmt":"2022-02-07T20:49:02","slug":"prp-and-orthokine","status":"publish","type":"page","link":"https:\/\/www.savaskudas.com\/en\/prp-and-orthokine\/","title":{"rendered":"PRP ve Orthokine"},"content":{"rendered":"<div class=\"wpb-content-wrapper\">[vc_row full_width=&#8221;stretch_row&#8221; equal_height=&#8221;yes&#8221; content_placement=&#8221;bottom&#8221; curly_padding=&#8221;content-padding-lg&#8221;][vc_column width=&#8221;1\/2&#8243; curly_padding=&#8221;content-padding&#8221; offset=&#8221;vc_col-lg-offset-1 vc_col-lg-5&#8243;][vc_single_image image=&#8221;1511&#8243; img_size=&#8221;large&#8221; alignment=&#8221;center&#8221; style=&#8221;xtd-shadow&#8211;small-light&#8221; el_class=&#8221;xtd-offset-dots&#8221;][\/vc_column][vc_column width=&#8221;1\/2&#8243; curly_bg_position=&#8221;bg-pos-center-center&#8221; curly_padding=&#8221;content-padding&#8221; offset=&#8221;vc_col-lg-offset-1 vc_col-lg-5&#8243;][vc_column_text]\n<div class=\"wpb_text_column wpb_content_element \">\n<div class=\"wpb_wrapper\">\n<h3 class=\"special-title\"><strong><span class=\"goog-text-highlight\">PRP and Orthokine<\/span><\/strong><\/h3>\n<\/div>\n<\/div>\n[\/vc_column_text][vc_column_text]\n<div class=\"wpb_text_column wpb_content_element \">\n<div class=\"wpb_wrapper\">\n<p>PRP is derived from the initials of the phrase \u201cPlatelet Rich Plasma\u201d and means platelet rich plasma.\u00a0Platelets play an important role in normal tissue healing in the body.\u00a0Platelet-enriched plasma contains growth factors necessary for tissue healing.<\/p>\n<\/div>\n<\/div>\n[\/vc_column_text][vc_column_text]\n<blockquote><p>This treatment method is used to accelerate the treatment of muscle strains and tears, tennis elbow, Achilles tendonitis, patellar tendonitis, shoulder injuries, tendon and ligament injuries and bone fractures.<\/p><\/blockquote>\n[\/vc_column_text][\/vc_column][\/vc_row][vc_row full_width=&#8221;stretch_row&#8221; equal_height=&#8221;yes&#8221; curly_padding=&#8221;content-padding&#8221; css=&#8221;.vc_custom_1592602076829{background-color: #ffffff !important;}&#8221;][vc_column width=&#8221;1\/2&#8243; curly_padding=&#8221;content-padding&#8221; offset=&#8221;vc_col-lg-offset-1 vc_col-lg-5&#8243;][vc_column_text]Orthokine molecular biologist Dr.\u00a0Dr. Julio Reinecke, a spinal surgeon in Germany.\u00a0It is a patented method developed by Peter Wehling.\u00a0The method is a purely biological treatment method.\u00a0It is a form of treatment by injecting the blood taken from the patient into the injured or painful area after being prepared under special conditions.\u00a0It uses the body&#8217;s own endogenous proteins and healing factors.\u00a0Orthokine therapy has been used since 1997.\u00a0Hundreds of doctors internationally have used this therapy method successfully.\u00a0Thousands of injections have also been made without any complications.[\/vc_column_text][\/vc_column][vc_column width=&#8221;1\/2&#8243; curly_padding=&#8221;content-padding&#8221; offset=&#8221;vc_col-lg-offset-1 vc_col-lg-5&#8243;][vc_column_text]<strong>Orthokine Therapy works by limiting pain and inflammation in the following conditions;<\/strong><br \/>\nOsteoarthritis (Knee Pain),<br \/>\nNerve root irritation, tendon or muscle injuries,<br \/>\nPost-operative rehabilitation treatment reduces pain.[\/vc_column_text][vc_column_text]For this reason, the mobility, mobility and natural function ability of the affected area increases.\u00a0The patient can return to daily activities in an earlier period.\u00a0National Basketball Association star Kobe Bryant is also known as the Kobe Procedure, where this method is successful in solving his problems due to knee problems.[\/vc_column_text][\/vc_column][\/vc_row]\n<\/div>","protected":false},"excerpt":{"rendered":"<p>[vc_row full_width=&#8221;stretch_row&#8221; equal_height=&#8221;yes&#8221; content_placement=&#8221;bottom&#8221; curly_padding=&#8221;content-padding-lg&#8221;][vc_column width=&#8221;1\/2&#8243; curly_padding=&#8221;content-padding&#8221; offset=&#8221;vc_col-lg-offset-1 vc_col-lg-5&#8243;][vc_single_image image=&#8221;1511&#8243; img_size=&#8221;large&#8221; alignment=&#8221;center&#8221; style=&#8221;xtd-shadow&#8211;small-light&#8221; el_class=&#8221;xtd-offset-dots&#8221;][\/vc_column][vc_column width=&#8221;1\/2&#8243; curly_bg_position=&#8221;bg-pos-center-center&#8221; curly_padding=&#8221;content-padding&#8221; offset=&#8221;vc_col-lg-offset-1 vc_col-lg-5&#8243;][vc_column_text] PRP and Orthokine [\/vc_column_text][vc_column_text] PRP is derived from the initials of the phrase \u201cPlatelet Rich Plasma\u201d and means platelet rich plasma.\u00a0Platelets play an important role in normal tissue healing in the body.\u00a0Platelet-enriched plasma contains growth factors necessary for tissue healing. [\/vc_column_text][vc_column_text] [&hellip;]<\/p>\n","protected":false},"author":1,"featured_media":0,"parent":0,"menu_order":13,"comment_status":"open","ping_status":"closed","template":"","meta":{"inline_featured_image":false,"footnotes":""},"class_list":["post-2114","page","type-page","status-publish","hentry"],"yoast_head":"<!-- This site is optimized with the Yoast SEO plugin v26.7 - https:\/\/yoast.com\/wordpress\/plugins\/seo\/ -->\n<title>PRP ve Orthokine - Sava\u015f Kuda\u015f | Spor Hekimli\u011fi Uzman\u0131,<\/title>\n<meta name=\"robots\" content=\"index, follow, max-snippet:-1, max-image-preview:large, max-video-preview:-1\" \/>\n<link rel=\"canonical\" href=\"https:\/\/www.savaskudas.com\/en\/prp-and-orthokine\/\" \/>\n<meta property=\"og:locale\" content=\"en_US\" \/>\n<meta property=\"og:type\" content=\"article\" \/>\n<meta property=\"og:title\" content=\"PRP ve Orthokine - Sava\u015f Kuda\u015f | Spor Hekimli\u011fi Uzman\u0131,\" \/>\n<meta property=\"og:description\" content=\"[vc_row full_width=&#8221;stretch_row&#8221; equal_height=&#8221;yes&#8221; content_placement=&#8221;bottom&#8221; curly_padding=&#8221;content-padding-lg&#8221;][vc_column width=&#8221;1\/2&#8243; curly_padding=&#8221;content-padding&#8221; offset=&#8221;vc_col-lg-offset-1 vc_col-lg-5&#8243;][vc_single_image image=&#8221;1511&#8243; img_size=&#8221;large&#8221; alignment=&#8221;center&#8221; style=&#8221;xtd-shadow&#8211;small-light&#8221; el_class=&#8221;xtd-offset-dots&#8221;][\/vc_column][vc_column width=&#8221;1\/2&#8243; curly_bg_position=&#8221;bg-pos-center-center&#8221; curly_padding=&#8221;content-padding&#8221; offset=&#8221;vc_col-lg-offset-1 vc_col-lg-5&#8243;][vc_column_text] PRP and Orthokine [\/vc_column_text][vc_column_text] PRP is derived from the initials of the phrase \u201cPlatelet Rich Plasma\u201d and means platelet rich plasma.\u00a0Platelets play an important role in normal tissue healing in the body.\u00a0Platelet-enriched plasma contains growth factors necessary for tissue healing. [\/vc_column_text][vc_column_text] [&hellip;]\" \/>\n<meta property=\"og:url\" content=\"https:\/\/www.savaskudas.com\/en\/prp-and-orthokine\/\" \/>\n<meta property=\"og:site_name\" content=\"Sava\u015f Kuda\u015f | Spor Hekimli\u011fi Uzman\u0131,\" \/>\n<meta property=\"article:modified_time\" content=\"2022-02-07T20:49:02+00:00\" \/>\n<meta name=\"twitter:card\" content=\"summary_large_image\" \/>\n<meta name=\"twitter:label1\" content=\"Est. reading time\" \/>\n\t<meta name=\"twitter:data1\" content=\"2 minutes\" \/>\n<script type=\"application\/ld+json\" class=\"yoast-schema-graph\">{\"@context\":\"https:\/\/schema.org\",\"@graph\":[{\"@type\":\"WebPage\",\"@id\":\"https:\/\/www.savaskudas.com\/en\/prp-and-orthokine\/\",\"url\":\"https:\/\/www.savaskudas.com\/en\/prp-and-orthokine\/\",\"name\":\"PRP ve Orthokine - Sava\u015f Kuda\u015f | Spor Hekimli\u011fi Uzman\u0131,\",\"isPartOf\":{\"@id\":\"https:\/\/www.savaskudas.com\/#website\"},\"datePublished\":\"2020-06-19T18:46:55+00:00\",\"dateModified\":\"2022-02-07T20:49:02+00:00\",\"breadcrumb\":{\"@id\":\"https:\/\/www.savaskudas.com\/en\/prp-and-orthokine\/#breadcrumb\"},\"inLanguage\":\"en-US\",\"potentialAction\":[{\"@type\":\"ReadAction\",\"target\":[\"https:\/\/www.savaskudas.com\/en\/prp-and-orthokine\/\"]}]},{\"@type\":\"BreadcrumbList\",\"@id\":\"https:\/\/www.savaskudas.com\/en\/prp-and-orthokine\/#breadcrumb\",\"itemListElement\":[{\"@type\":\"ListItem\",\"position\":1,\"name\":\"Home\",\"item\":\"https:\/\/www.savaskudas.com\/en\/\"},{\"@type\":\"ListItem\",\"position\":2,\"name\":\"PRP ve Orthokine\"}]},{\"@type\":\"WebSite\",\"@id\":\"https:\/\/www.savaskudas.com\/#website\",\"url\":\"https:\/\/www.savaskudas.com\/\",\"name\":\"Sava\u015f Kuda\u015f | Spor Hekimli\u011fi Uzman\u0131,\",\"description\":\"Bel-Boyun F\u0131t\u0131klar\u0131, K\u0131k\u0131rdak Problemleri, Tenis\u00e7i Dirse\u011fi, Bel-Boyun A\u011fr\u0131lar\u0131, Kas Sakatl\u0131klar\u0131, Eklem Yaralanmalar\u0131, Patellar Tendinit, Bilek Burkulmalar\u0131, Lenf - \u00d6dem Tedavisi, Menisk\u00fcs Yaralanmalar\u0131, Futbolcu Kas\u0131\u011f\u0131 (Osteitis Pubis), \u00d6n \u00c7apraz Ba\u011f Yaralanmalar\u0131, Ankara\",\"potentialAction\":[{\"@type\":\"SearchAction\",\"target\":{\"@type\":\"EntryPoint\",\"urlTemplate\":\"https:\/\/www.savaskudas.com\/?s={search_term_string}\"},\"query-input\":{\"@type\":\"PropertyValueSpecification\",\"valueRequired\":true,\"valueName\":\"search_term_string\"}}],\"inLanguage\":\"en-US\"}]}<\/script>\n<!-- \/ Yoast SEO plugin. -->","yoast_head_json":{"title":"PRP ve Orthokine - Sava\u015f Kuda\u015f | Spor Hekimli\u011fi Uzman\u0131,","robots":{"index":"index","follow":"follow","max-snippet":"max-snippet:-1","max-image-preview":"max-image-preview:large","max-video-preview":"max-video-preview:-1"},"canonical":"https:\/\/www.savaskudas.com\/en\/prp-and-orthokine\/","og_locale":"en_US","og_type":"article","og_title":"PRP ve Orthokine - Sava\u015f Kuda\u015f | Spor Hekimli\u011fi Uzman\u0131,","og_description":"[vc_row full_width=&#8221;stretch_row&#8221; equal_height=&#8221;yes&#8221; content_placement=&#8221;bottom&#8221; curly_padding=&#8221;content-padding-lg&#8221;][vc_column width=&#8221;1\/2&#8243; curly_padding=&#8221;content-padding&#8221; offset=&#8221;vc_col-lg-offset-1 vc_col-lg-5&#8243;][vc_single_image image=&#8221;1511&#8243; img_size=&#8221;large&#8221; alignment=&#8221;center&#8221; style=&#8221;xtd-shadow&#8211;small-light&#8221; el_class=&#8221;xtd-offset-dots&#8221;][\/vc_column][vc_column width=&#8221;1\/2&#8243; curly_bg_position=&#8221;bg-pos-center-center&#8221; curly_padding=&#8221;content-padding&#8221; offset=&#8221;vc_col-lg-offset-1 vc_col-lg-5&#8243;][vc_column_text] PRP and Orthokine [\/vc_column_text][vc_column_text] PRP is derived from the initials of the phrase \u201cPlatelet Rich Plasma\u201d and means platelet rich plasma.\u00a0Platelets play an important role in normal tissue healing in the body.\u00a0Platelet-enriched plasma contains growth factors necessary for tissue healing. [\/vc_column_text][vc_column_text] [&hellip;]","og_url":"https:\/\/www.savaskudas.com\/en\/prp-and-orthokine\/","og_site_name":"Sava\u015f Kuda\u015f | Spor Hekimli\u011fi Uzman\u0131,","article_modified_time":"2022-02-07T20:49:02+00:00","twitter_card":"summary_large_image","twitter_misc":{"Est. reading time":"2 minutes"},"schema":{"@context":"https:\/\/schema.org","@graph":[{"@type":"WebPage","@id":"https:\/\/www.savaskudas.com\/en\/prp-and-orthokine\/","url":"https:\/\/www.savaskudas.com\/en\/prp-and-orthokine\/","name":"PRP ve Orthokine - Sava\u015f Kuda\u015f | Spor Hekimli\u011fi Uzman\u0131,","isPartOf":{"@id":"https:\/\/www.savaskudas.com\/#website"},"datePublished":"2020-06-19T18:46:55+00:00","dateModified":"2022-02-07T20:49:02+00:00","breadcrumb":{"@id":"https:\/\/www.savaskudas.com\/en\/prp-and-orthokine\/#breadcrumb"},"inLanguage":"en-US","potentialAction":[{"@type":"ReadAction","target":["https:\/\/www.savaskudas.com\/en\/prp-and-orthokine\/"]}]},{"@type":"BreadcrumbList","@id":"https:\/\/www.savaskudas.com\/en\/prp-and-orthokine\/#breadcrumb","itemListElement":[{"@type":"ListItem","position":1,"name":"Home","item":"https:\/\/www.savaskudas.com\/en\/"},{"@type":"ListItem","position":2,"name":"PRP ve Orthokine"}]},{"@type":"WebSite","@id":"https:\/\/www.savaskudas.com\/#website","url":"https:\/\/www.savaskudas.com\/","name":"Sava\u015f Kuda\u015f | Spor Hekimli\u011fi Uzman\u0131,","description":"Bel-Boyun F\u0131t\u0131klar\u0131, K\u0131k\u0131rdak Problemleri, Tenis\u00e7i Dirse\u011fi, Bel-Boyun A\u011fr\u0131lar\u0131, Kas Sakatl\u0131klar\u0131, Eklem Yaralanmalar\u0131, Patellar Tendinit, Bilek Burkulmalar\u0131, Lenf - \u00d6dem Tedavisi, Menisk\u00fcs Yaralanmalar\u0131, Futbolcu Kas\u0131\u011f\u0131 (Osteitis Pubis), \u00d6n \u00c7apraz Ba\u011f Yaralanmalar\u0131, Ankara","potentialAction":[{"@type":"SearchAction","target":{"@type":"EntryPoint","urlTemplate":"https:\/\/www.savaskudas.com\/?s={search_term_string}"},"query-input":{"@type":"PropertyValueSpecification","valueRequired":true,"valueName":"search_term_string"}}],"inLanguage":"en-US"}]}},"_links":{"self":[{"href":"https:\/\/www.savaskudas.com\/en\/wp-json\/wp\/v2\/pages\/2114","targetHints":{"allow":["GET"]}}],"collection":[{"href":"https:\/\/www.savaskudas.com\/en\/wp-json\/wp\/v2\/pages"}],"about":[{"href":"https:\/\/www.savaskudas.com\/en\/wp-json\/wp\/v2\/types\/page"}],"author":[{"embeddable":true,"href":"https:\/\/www.savaskudas.com\/en\/wp-json\/wp\/v2\/users\/1"}],"replies":[{"embeddable":true,"href":"https:\/\/www.savaskudas.com\/en\/wp-json\/wp\/v2\/comments?post=2114"}],"version-history":[{"count":0,"href":"https:\/\/www.savaskudas.com\/en\/wp-json\/wp\/v2\/pages\/2114\/revisions"}],"wp:attachment":[{"href":"https:\/\/www.savaskudas.com\/en\/wp-json\/wp\/v2\/media?parent=2114"}],"curies":[{"name":"wp","href":"https:\/\/api.w.org\/{rel}","templated":true}]}}