{"id":2107,"date":"2017-08-10T14:32:19","date_gmt":"2017-08-10T11:32:19","guid":{"rendered":"http:\/\/www.savaskudas.com\/tedavi-yontemleri\/"},"modified":"2022-02-08T00:03:55","modified_gmt":"2022-02-07T21:03:55","slug":"methods-of-treatment","status":"publish","type":"page","link":"https:\/\/www.savaskudas.com\/en\/methods-of-treatment\/","title":{"rendered":"METHODS OF TREATMENT"},"content":{"rendered":"<div class=\"wpb-content-wrapper\">[vc_row equal_height=&#8221;yes&#8221; curly_padding=&#8221;content-padding-lg&#8221;][vc_column width=&#8221;1\/2&#8243; curly_padding=&#8221;content-padding&#8221; offset=&#8221;vc_col-lg-offset-1 vc_col-lg-5&#8243;][vc_single_image image=&#8221;1437&#8243; img_size=&#8221;full&#8221; el_class=&#8221;xtd-offset-dots&#8221;]<div class='xtd-card  '>\n  <a href='http:\/\/www.savaskudas.com\/en\/eswt\/'><\/a>  <div class='xtd-card__info'>\n        <div class='xtd-card__title h4'>\n      <div>\n        ESWT              <\/div>\n    <\/div>\n      <div class='xtd-card__content'>\n      \n<div class=\"xtd-card__title h4\"><\/div>\n<div class=\"xtd-card__content\">ESWT is formed by combining the first letters of the words \u201cExtracorporeal Shock Wave Therapy\u201d.\u00a0It means \u201cShock Wave Therapy Applied Outside the Body\u201d in Turkish.<\/div>\n    <\/div>\n          <a href=\"http:\/\/www.savaskudas.com\/en\/eswt\/\" class=\"btn btn-link btn-sm\">Details<\/a>\n      <\/div>\n<\/div>\n[\/vc_column][vc_column width=&#8221;1\/2&#8243; curly_padding=&#8221;content-padding&#8221; offset=&#8221;vc_col-lg-offset-1 vc_col-lg-5&#8243;][vc_single_image image=&#8221;1511&#8243; img_size=&#8221;full&#8221; el_class=&#8221;xtd-offset-dots&#8221;]<div class='xtd-card  '>\n  <a href='http:\/\/www.savaskudas.com\/en\/prp-and-orthokine\/'><\/a>  <div class='xtd-card__info'>\n        <div class='xtd-card__title h4'>\n      <div>\n        PRP and Orthokine              <\/div>\n    <\/div>\n      <div class='xtd-card__content'>\n      \n<div class=\"xtd-card__content\"><span class=\"\">PRP is derived from the initials of the phrase \u201cPlatelet Rich Plasma\u201d and means platelet rich plasma.\u00a0<\/span>Platelets play an important role in normal tissue healing in the body.<\/div>\n    <\/div>\n          <a href=\"http:\/\/www.savaskudas.com\/en\/prp-and-orthokine\/\" class=\"btn btn-link btn-sm\">Details<\/a>\n      <\/div>\n<\/div>\n[\/vc_column][\/vc_row][vc_row equal_height=&#8221;yes&#8221; curly_padding=&#8221;content-padding-lg&#8221;][vc_column width=&#8221;1\/2&#8243; curly_padding=&#8221;content-padding&#8221; offset=&#8221;vc_col-lg-offset-1 vc_col-lg-5&#8243;][vc_single_image image=&#8221;1518&#8243; img_size=&#8221;full&#8221; el_class=&#8221;xtd-offset-dots&#8221;]<div class='xtd-card  '>\n  <a href='http:\/\/www.savaskudas.com\/en\/ultrasound-guided-injection\/'><\/a>  <div class='xtd-card__info'>\n        <div class='xtd-card__title h4'>\n      <div>\n        Ultrasound Guided Injection              <\/div>\n    <\/div>\n      <div class='xtd-card__content'>\n      \n<div class=\"xtd-card__content\"><span class=\"\">Studies show that ultrasound guided injections are much more accurate than &#8220;blind&#8221; injections.\u00a0<\/span>The doctor has the ability to see exactly where the injection went and where they are targeting the area&#8230;<\/div>\n    <\/div>\n          <a href=\"http:\/\/www.savaskudas.com\/en\/ultrasound-guided-injection\/\" class=\"btn btn-link btn-sm\">Details<\/a>\n      <\/div>\n<\/div>\n[\/vc_column][vc_column width=&#8221;1\/2&#8243; curly_padding=&#8221;content-padding&#8221; offset=&#8221;vc_col-lg-offset-1 vc_col-lg-5&#8243;][vc_single_image image=&#8221;1438&#8243; img_size=&#8221;full&#8221; el_class=&#8221;xtd-offset-dots&#8221;]<div class='xtd-card  '>\n  <a href='http:\/\/www.savaskudas.com\/en\/sporty-rehabilitation-and-physiotherapy\/'><\/a>  <div class='xtd-card__info'>\n        <div class='xtd-card__title h4'>\n      <div>\n        Sports Rehabilitation and Physiotherapy              <\/div>\n    <\/div>\n      <div class='xtd-card__content'>\n      \n<div class=\"xtd-card__content\">Osteopaths are highly qualified health professionals.\u00a0Every day, more than 30,000 people in the world refer to osteopaths for neck and low back pain, joint and muscle problems, sports injuries, recurrent headaches and more.<\/div>\n    <\/div>\n          <a href=\"http:\/\/www.savaskudas.com\/en\/sporty-rehabilitation-and-physiotherapy\/\" class=\"btn btn-link btn-sm\">Details<\/a>\n      <\/div>\n<\/div>\n[\/vc_column][\/vc_row]\n<\/div>","protected":false},"excerpt":{"rendered":"<p>[vc_row equal_height=&#8221;yes&#8221; curly_padding=&#8221;content-padding-lg&#8221;][vc_column width=&#8221;1\/2&#8243; curly_padding=&#8221;content-padding&#8221; offset=&#8221;vc_col-lg-offset-1 vc_col-lg-5&#8243;][vc_single_image image=&#8221;1437&#8243; img_size=&#8221;full&#8221; el_class=&#8221;xtd-offset-dots&#8221;][\/vc_column][vc_column width=&#8221;1\/2&#8243; curly_padding=&#8221;content-padding&#8221; offset=&#8221;vc_col-lg-offset-1 vc_col-lg-5&#8243;][vc_single_image image=&#8221;1511&#8243; img_size=&#8221;full&#8221; el_class=&#8221;xtd-offset-dots&#8221;][\/vc_column][\/vc_row][vc_row equal_height=&#8221;yes&#8221; curly_padding=&#8221;content-padding-lg&#8221;][vc_column width=&#8221;1\/2&#8243; curly_padding=&#8221;content-padding&#8221; offset=&#8221;vc_col-lg-offset-1 vc_col-lg-5&#8243;][vc_single_image image=&#8221;1518&#8243; img_size=&#8221;full&#8221; el_class=&#8221;xtd-offset-dots&#8221;][\/vc_column][vc_column width=&#8221;1\/2&#8243; curly_padding=&#8221;content-padding&#8221; offset=&#8221;vc_col-lg-offset-1 vc_col-lg-5&#8243;][vc_single_image image=&#8221;1438&#8243; img_size=&#8221;full&#8221; el_class=&#8221;xtd-offset-dots&#8221;][\/vc_column][\/vc_row]<\/p>\n","protected":false},"author":1,"featured_media":0,"parent":0,"menu_order":9,"comment_status":"closed","ping_status":"closed","template":"","meta":{"inline_featured_image":false,"footnotes":""},"class_list":["post-2107","page","type-page","status-publish","hentry"],"yoast_head":"<!-- This site is optimized with the Yoast SEO plugin v26.7 - https:\/\/yoast.com\/wordpress\/plugins\/seo\/ -->\n<title>METHODS OF TREATMENT - Sava\u015f Kuda\u015f | Spor Hekimli\u011fi Uzman\u0131,<\/title>\n<meta name=\"robots\" content=\"index, follow, max-snippet:-1, max-image-preview:large, max-video-preview:-1\" \/>\n<link rel=\"canonical\" href=\"https:\/\/www.savaskudas.com\/tedavi-yontemleri\/\" \/>\n<meta property=\"og:locale\" content=\"en_US\" \/>\n<meta property=\"og:type\" content=\"article\" \/>\n<meta property=\"og:title\" content=\"METHODS OF TREATMENT - Sava\u015f Kuda\u015f | Spor Hekimli\u011fi Uzman\u0131,\" \/>\n<meta property=\"og:description\" content=\"[vc_row equal_height=&#8221;yes&#8221; curly_padding=&#8221;content-padding-lg&#8221;][vc_column width=&#8221;1\/2&#8243; curly_padding=&#8221;content-padding&#8221; offset=&#8221;vc_col-lg-offset-1 vc_col-lg-5&#8243;][vc_single_image image=&#8221;1437&#8243; img_size=&#8221;full&#8221; el_class=&#8221;xtd-offset-dots&#8221;][\/vc_column][vc_column width=&#8221;1\/2&#8243; curly_padding=&#8221;content-padding&#8221; offset=&#8221;vc_col-lg-offset-1 vc_col-lg-5&#8243;][vc_single_image image=&#8221;1511&#8243; img_size=&#8221;full&#8221; el_class=&#8221;xtd-offset-dots&#8221;][\/vc_column][\/vc_row][vc_row equal_height=&#8221;yes&#8221; curly_padding=&#8221;content-padding-lg&#8221;][vc_column width=&#8221;1\/2&#8243; curly_padding=&#8221;content-padding&#8221; offset=&#8221;vc_col-lg-offset-1 vc_col-lg-5&#8243;][vc_single_image image=&#8221;1518&#8243; img_size=&#8221;full&#8221; el_class=&#8221;xtd-offset-dots&#8221;][\/vc_column][vc_column width=&#8221;1\/2&#8243; curly_padding=&#8221;content-padding&#8221; offset=&#8221;vc_col-lg-offset-1 vc_col-lg-5&#8243;][vc_single_image image=&#8221;1438&#8243; img_size=&#8221;full&#8221; el_class=&#8221;xtd-offset-dots&#8221;][\/vc_column][\/vc_row]\" \/>\n<meta property=\"og:url\" content=\"https:\/\/www.savaskudas.com\/tedavi-yontemleri\/\" \/>\n<meta property=\"og:site_name\" content=\"Sava\u015f Kuda\u015f | Spor Hekimli\u011fi Uzman\u0131,\" \/>\n<meta property=\"article:modified_time\" content=\"2022-02-07T21:03:55+00:00\" \/>\n<meta name=\"twitter:card\" content=\"summary_large_image\" \/>\n<meta name=\"twitter:label1\" content=\"Est. reading time\" \/>\n\t<meta name=\"twitter:data1\" content=\"2 minutes\" \/>\n<script type=\"application\/ld+json\" class=\"yoast-schema-graph\">{\"@context\":\"https:\/\/schema.org\",\"@graph\":[{\"@type\":\"WebPage\",\"@id\":\"https:\/\/www.savaskudas.com\/tedavi-yontemleri\/\",\"url\":\"https:\/\/www.savaskudas.com\/tedavi-yontemleri\/\",\"name\":\"METHODS OF TREATMENT - Sava\u015f Kuda\u015f | Spor Hekimli\u011fi Uzman\u0131,\",\"isPartOf\":{\"@id\":\"https:\/\/www.savaskudas.com\/#website\"},\"datePublished\":\"2017-08-10T11:32:19+00:00\",\"dateModified\":\"2022-02-07T21:03:55+00:00\",\"breadcrumb\":{\"@id\":\"https:\/\/www.savaskudas.com\/tedavi-yontemleri\/#breadcrumb\"},\"inLanguage\":\"en-US\",\"potentialAction\":[{\"@type\":\"ReadAction\",\"target\":[\"https:\/\/www.savaskudas.com\/tedavi-yontemleri\/\"]}]},{\"@type\":\"BreadcrumbList\",\"@id\":\"https:\/\/www.savaskudas.com\/tedavi-yontemleri\/#breadcrumb\",\"itemListElement\":[{\"@type\":\"ListItem\",\"position\":1,\"name\":\"Home\",\"item\":\"https:\/\/www.savaskudas.com\/en\/\"},{\"@type\":\"ListItem\",\"position\":2,\"name\":\"METHODS OF TREATMENT\"}]},{\"@type\":\"WebSite\",\"@id\":\"https:\/\/www.savaskudas.com\/#website\",\"url\":\"https:\/\/www.savaskudas.com\/\",\"name\":\"Sava\u015f Kuda\u015f | Spor Hekimli\u011fi Uzman\u0131,\",\"description\":\"Bel-Boyun F\u0131t\u0131klar\u0131, K\u0131k\u0131rdak Problemleri, Tenis\u00e7i Dirse\u011fi, Bel-Boyun A\u011fr\u0131lar\u0131, Kas Sakatl\u0131klar\u0131, Eklem Yaralanmalar\u0131, Patellar Tendinit, Bilek Burkulmalar\u0131, Lenf - \u00d6dem Tedavisi, Menisk\u00fcs Yaralanmalar\u0131, Futbolcu Kas\u0131\u011f\u0131 (Osteitis Pubis), \u00d6n \u00c7apraz Ba\u011f Yaralanmalar\u0131, Ankara\",\"potentialAction\":[{\"@type\":\"SearchAction\",\"target\":{\"@type\":\"EntryPoint\",\"urlTemplate\":\"https:\/\/www.savaskudas.com\/?s={search_term_string}\"},\"query-input\":{\"@type\":\"PropertyValueSpecification\",\"valueRequired\":true,\"valueName\":\"search_term_string\"}}],\"inLanguage\":\"en-US\"}]}<\/script>\n<!-- \/ Yoast SEO plugin. -->","yoast_head_json":{"title":"METHODS OF TREATMENT - Sava\u015f Kuda\u015f | Spor Hekimli\u011fi Uzman\u0131,","robots":{"index":"index","follow":"follow","max-snippet":"max-snippet:-1","max-image-preview":"max-image-preview:large","max-video-preview":"max-video-preview:-1"},"canonical":"https:\/\/www.savaskudas.com\/tedavi-yontemleri\/","og_locale":"en_US","og_type":"article","og_title":"METHODS OF TREATMENT - Sava\u015f Kuda\u015f | Spor Hekimli\u011fi Uzman\u0131,","og_description":"[vc_row equal_height=&#8221;yes&#8221; curly_padding=&#8221;content-padding-lg&#8221;][vc_column width=&#8221;1\/2&#8243; curly_padding=&#8221;content-padding&#8221; offset=&#8221;vc_col-lg-offset-1 vc_col-lg-5&#8243;][vc_single_image image=&#8221;1437&#8243; img_size=&#8221;full&#8221; el_class=&#8221;xtd-offset-dots&#8221;][\/vc_column][vc_column width=&#8221;1\/2&#8243; curly_padding=&#8221;content-padding&#8221; offset=&#8221;vc_col-lg-offset-1 vc_col-lg-5&#8243;][vc_single_image image=&#8221;1511&#8243; img_size=&#8221;full&#8221; el_class=&#8221;xtd-offset-dots&#8221;][\/vc_column][\/vc_row][vc_row equal_height=&#8221;yes&#8221; curly_padding=&#8221;content-padding-lg&#8221;][vc_column width=&#8221;1\/2&#8243; curly_padding=&#8221;content-padding&#8221; offset=&#8221;vc_col-lg-offset-1 vc_col-lg-5&#8243;][vc_single_image image=&#8221;1518&#8243; img_size=&#8221;full&#8221; el_class=&#8221;xtd-offset-dots&#8221;][\/vc_column][vc_column width=&#8221;1\/2&#8243; curly_padding=&#8221;content-padding&#8221; offset=&#8221;vc_col-lg-offset-1 vc_col-lg-5&#8243;][vc_single_image image=&#8221;1438&#8243; img_size=&#8221;full&#8221; el_class=&#8221;xtd-offset-dots&#8221;][\/vc_column][\/vc_row]","og_url":"https:\/\/www.savaskudas.com\/tedavi-yontemleri\/","og_site_name":"Sava\u015f Kuda\u015f | Spor Hekimli\u011fi Uzman\u0131,","article_modified_time":"2022-02-07T21:03:55+00:00","twitter_card":"summary_large_image","twitter_misc":{"Est. reading time":"2 minutes"},"schema":{"@context":"https:\/\/schema.org","@graph":[{"@type":"WebPage","@id":"https:\/\/www.savaskudas.com\/tedavi-yontemleri\/","url":"https:\/\/www.savaskudas.com\/tedavi-yontemleri\/","name":"METHODS OF TREATMENT - Sava\u015f Kuda\u015f | Spor Hekimli\u011fi Uzman\u0131,","isPartOf":{"@id":"https:\/\/www.savaskudas.com\/#website"},"datePublished":"2017-08-10T11:32:19+00:00","dateModified":"2022-02-07T21:03:55+00:00","breadcrumb":{"@id":"https:\/\/www.savaskudas.com\/tedavi-yontemleri\/#breadcrumb"},"inLanguage":"en-US","potentialAction":[{"@type":"ReadAction","target":["https:\/\/www.savaskudas.com\/tedavi-yontemleri\/"]}]},{"@type":"BreadcrumbList","@id":"https:\/\/www.savaskudas.com\/tedavi-yontemleri\/#breadcrumb","itemListElement":[{"@type":"ListItem","position":1,"name":"Home","item":"https:\/\/www.savaskudas.com\/en\/"},{"@type":"ListItem","position":2,"name":"METHODS OF TREATMENT"}]},{"@type":"WebSite","@id":"https:\/\/www.savaskudas.com\/#website","url":"https:\/\/www.savaskudas.com\/","name":"Sava\u015f Kuda\u015f | Spor Hekimli\u011fi Uzman\u0131,","description":"Bel-Boyun F\u0131t\u0131klar\u0131, K\u0131k\u0131rdak Problemleri, Tenis\u00e7i Dirse\u011fi, Bel-Boyun A\u011fr\u0131lar\u0131, Kas Sakatl\u0131klar\u0131, Eklem Yaralanmalar\u0131, Patellar Tendinit, Bilek Burkulmalar\u0131, Lenf - \u00d6dem Tedavisi, Menisk\u00fcs Yaralanmalar\u0131, Futbolcu Kas\u0131\u011f\u0131 (Osteitis Pubis), \u00d6n \u00c7apraz Ba\u011f Yaralanmalar\u0131, Ankara","potentialAction":[{"@type":"SearchAction","target":{"@type":"EntryPoint","urlTemplate":"https:\/\/www.savaskudas.com\/?s={search_term_string}"},"query-input":{"@type":"PropertyValueSpecification","valueRequired":true,"valueName":"search_term_string"}}],"inLanguage":"en-US"}]}},"_links":{"self":[{"href":"https:\/\/www.savaskudas.com\/en\/wp-json\/wp\/v2\/pages\/2107","targetHints":{"allow":["GET"]}}],"collection":[{"href":"https:\/\/www.savaskudas.com\/en\/wp-json\/wp\/v2\/pages"}],"about":[{"href":"https:\/\/www.savaskudas.com\/en\/wp-json\/wp\/v2\/types\/page"}],"author":[{"embeddable":true,"href":"https:\/\/www.savaskudas.com\/en\/wp-json\/wp\/v2\/users\/1"}],"replies":[{"embeddable":true,"href":"https:\/\/www.savaskudas.com\/en\/wp-json\/wp\/v2\/comments?post=2107"}],"version-history":[{"count":0,"href":"https:\/\/www.savaskudas.com\/en\/wp-json\/wp\/v2\/pages\/2107\/revisions"}],"wp:attachment":[{"href":"https:\/\/www.savaskudas.com\/en\/wp-json\/wp\/v2\/media?parent=2107"}],"curies":[{"name":"wp","href":"https:\/\/api.w.org\/{rel}","templated":true}]}}