{"id":2101,"date":"2019-03-20T21:58:41","date_gmt":"2019-03-20T18:58:41","guid":{"rendered":"http:\/\/www.savaskudas.com\/ilgi-alanlari\/"},"modified":"2022-02-07T23:32:10","modified_gmt":"2022-02-07T20:32:10","slug":"areas-of-interest","status":"publish","type":"page","link":"https:\/\/www.savaskudas.com\/en\/areas-of-interest\/","title":{"rendered":"AREAS OF INTEREST"},"content":{"rendered":"<div class=\"wpb-content-wrapper\">[vc_row full_width=&#8221;stretch_row&#8221; curly_padding=&#8221;content-padding-xs&#8221; css=&#8221;.vc_custom_1592232695111{padding-top: 2em !important;background-color: #f7f7f7 !important;}&#8221;][vc_column width=&#8221;1\/3&#8243; curly_padding=&#8221;content-padding-none&#8221; css=&#8221;.vc_custom_1592232744470{padding-right: 1.5em !important;padding-left: 1.5em !important;}&#8221;][vc_single_image image=&#8221;1417&#8243; img_size=&#8221;full&#8221; el_class=&#8221;xtd-offset-dots&#8221; css=&#8221;.vc_custom_1591913453354{margin-right: 1.5em !important;margin-left: 1.5em !important;padding-right: 1.5em !important;padding-left: 1.5em !important;}&#8221;][vc_column_text]\n<h3 class=\"special-title\"><strong>NECK<\/strong><\/h3>\n[\/vc_column_text][vc_column_text]\n<h6>NECK INJURY<br \/>\nNECK PAIN<br \/>\nNECK HERNIA<br \/>\nFACE JOINT SYNDROME<\/h6>\n[\/vc_column_text][\/vc_column][vc_column width=&#8221;1\/3&#8243; css=&#8221;.vc_custom_1592232728115{padding-right: 1.5em !important;padding-left: 1.5em !important;}&#8221;][vc_single_image image=&#8221;1416&#8243; img_size=&#8221;full&#8221; el_class=&#8221;xtd-offset-dots&#8221; css=&#8221;.vc_custom_1591913445773{margin-right: 1.5em !important;margin-left: 1.5em !important;padding-right: 1.5em !important;padding-left: 1.5em !important;}&#8221;][vc_column_text]\n<h3 class=\"special-title\"><strong>SHOULDER<\/strong><\/h3>\n[\/vc_column_text][vc_column_text]\n<h6>SHOULDER PAIN<br \/>\nROTATOR CUFF RIPPING<br \/>\nFROZEN SHOULDER<br \/>\nTENDINITS<br \/>\nBURSIT<br \/>\nADHESIVE CAPSULITIS &#8211; FROZEN SHOULDER<br \/>\nJAM SYNDROMES<\/h6>\n[\/vc_column_text][\/vc_column][vc_column width=&#8221;1\/3&#8243; css=&#8221;.vc_custom_1592232736505{padding-right: 1.5em !important;padding-left: 1.5em !important;}&#8221;][vc_single_image image=&#8221;1415&#8243; img_size=&#8221;full&#8221; el_class=&#8221;xtd-offset-dots&#8221; css=&#8221;.vc_custom_1591913403439{margin-right: 1.5em !important;margin-left: 1.5em !important;padding-right: 1.5em !important;padding-left: 1.5em !important;}&#8221;][vc_column_text]\n<h3 class=\"special-title\"><strong>ARM<\/strong><\/h3>\n[\/vc_column_text][vc_column_text]\n<h6>BICEPS MUSCLE STRENGTHS \/ TEARS<br \/>\nTRICEPS MUSCLE STRAIGHTS \/ TEARS<br \/>\nBURSITS<br \/>\nTENDINITS<br \/>\nMEDIAL EPICONDILITIS (TENNIS ELBOW)<br \/>\nLATERAL EPICONDILITIS (GOLFGER&#8217;S ELBOW)<\/h6>\n[\/vc_column_text][\/vc_column][\/vc_row][vc_row full_width=&#8221;stretch_row&#8221; css=&#8221;.vc_custom_1591913833100{margin-top: -35px !important;background-color: #f7f7f7 !important;}&#8221;][vc_column][vc_separator][\/vc_column][\/vc_row][vc_row full_width=&#8221;stretch_row&#8221; curly_padding=&#8221;content-padding-xs&#8221; css=&#8221;.vc_custom_1592229663054{background-color: #f7f7f7 !important;}&#8221;][vc_column width=&#8221;1\/3&#8243; css=&#8221;.vc_custom_1591914160979{padding-right: 1.5em !important;padding-left: 1.5em !important;}&#8221;][vc_single_image image=&#8221;1414&#8243; img_size=&#8221;full&#8221; el_class=&#8221;xtd-offset-dots&#8221; css=&#8221;.vc_custom_1591913528251{margin-right: 1.5em !important;margin-left: 1.5em !important;padding-right: 1.5em !important;padding-left: 1.5em !important;}&#8221;][vc_column_text]\n<h3 class=\"special-title\"><strong>WRIST<\/strong><\/h3>\n[\/vc_column_text][vc_column_text]\n<h6>TFCC INJURY<br \/>\nDEQUERVAIN TENDINITIS<\/h6>\n[\/vc_column_text][\/vc_column][vc_column width=&#8221;1\/3&#8243; css=&#8221;.vc_custom_1591913549693{padding-right: 1.5em !important;padding-left: 1.5em !important;}&#8221;][vc_single_image image=&#8221;1413&#8243; img_size=&#8221;full&#8221; el_class=&#8221;xtd-offset-dots&#8221; css=&#8221;.vc_custom_1591913598249{margin-right: 1.5em !important;margin-left: 1.5em !important;padding-right: 1.5em !important;padding-left: 1.5em !important;}&#8221;][vc_column_text]\n<h3 class=\"special-title\"><strong>WAIST<\/strong><\/h3>\n[\/vc_column_text][vc_column_text]\n<h6>BACK PAIN<br \/>\nWAIST HERNIA<br \/>\nNERVE ENTRAPMENT<br \/>\nSACRIOLIAC JOINT PAIN<br \/>\nSCIATIC NERVE PAIN<\/h6>\n[\/vc_column_text][\/vc_column][vc_column width=&#8221;1\/3&#8243;][vc_single_image image=&#8221;1412&#8243; img_size=&#8221;full&#8221; el_class=&#8221;xtd-offset-dots&#8221; css=&#8221;.vc_custom_1591913606491{margin-right: 1.5em !important;margin-left: 1.5em !important;padding-right: 1.5em !important;padding-left: 1.5em !important;}&#8221;][vc_column_text]\n<h3 class=\"special-title\"><strong>HIP and GROIN<\/strong><\/h3>\n[\/vc_column_text][vc_column_text]\n<h6>HIP IMPRESSION SYNDROMES<br \/>\nMUSCLE STRAIGHTENINGS \/ INJURY<br \/>\nBURSITS<br \/>\nGROIN PAIN<br \/>\nATHLETIC PUBALGIA \u2013 ATHLETE&#8217;S HERNIA<br \/>\nOSTEITIS PUBIS<\/h6>\n[\/vc_column_text][\/vc_column][\/vc_row][vc_row full_width=&#8221;stretch_row&#8221; css=&#8221;.vc_custom_1591913833100{margin-top: -35px !important;background-color: #f7f7f7 !important;}&#8221;][vc_column][vc_separator][\/vc_column][\/vc_row][vc_row full_width=&#8221;stretch_row&#8221; curly_padding=&#8221;content-padding-xs&#8221; css=&#8221;.vc_custom_1592232888853{background-color: #f7f7f7 !important;}&#8221;][vc_column width=&#8221;1\/3&#8243; css=&#8221;.vc_custom_1592232825528{padding-right: 1.5em !important;padding-left: 1.5em !important;}&#8221;][vc_single_image image=&#8221;1410&#8243; img_size=&#8221;full&#8221; el_class=&#8221;xtd-offset-dots&#8221; css=&#8221;.vc_custom_1591914023939{margin-right: 1.5em !important;margin-left: 1.5em !important;padding-right: 1.5em !important;padding-left: 1.5em !important;}&#8221;][vc_column_text]\n<h3 class=\"special-title\"><strong>LEG<\/strong><\/h3>\n[\/vc_column_text][vc_column_text]\n<h6>CALFT STRIKE \/ RIPPED<br \/>\nSTRESS REACTION \/ FRACTURE<\/h6>\n[\/vc_column_text][\/vc_column][vc_column width=&#8221;1\/3&#8243; css=&#8221;.vc_custom_1592232838071{padding-right: 1.5em !important;padding-left: 1.5em !important;}&#8221;][vc_single_image image=&#8221;1411&#8243; img_size=&#8221;full&#8221; el_class=&#8221;xtd-offset-dots&#8221; css=&#8221;.vc_custom_1591914016267{margin-right: 1.5em !important;margin-left: 1.5em !important;padding-right: 1.5em !important;padding-left: 1.5em !important;}&#8221;][vc_column_text]\n<h3 class=\"special-title\"><strong>KNEE<\/strong><\/h3>\n[\/vc_column_text][vc_column_text]\n<h6>RUNNER SERIES<br \/>\nJUMPING SERIES<br \/>\nFRONT CROSS-REAR CROSS-LINGE INJURIES<br \/>\nINTERNAL BOND &#8211; EXTERNAL BOND INJURIES<br \/>\nOSGOOD &#8211; SCHLATTER&#8217;S DISEASE<br \/>\nILIOTIBIAL BAND FRACTION SYNDROME<\/h6>\n[\/vc_column_text][\/vc_column][vc_column width=&#8221;1\/3&#8243; css=&#8221;.vc_custom_1592232845035{padding-right: 1.5em !important;padding-left: 1.5em !important;}&#8221;][vc_single_image image=&#8221;1409&#8243; img_size=&#8221;full&#8221; el_class=&#8221;xtd-offset-dots&#8221; css=&#8221;.vc_custom_1591914034110{margin-right: 1.5em !important;margin-left: 1.5em !important;padding-right: 1.5em !important;padding-left: 1.5em !important;}&#8221;][vc_column_text]\n<h3 class=\"special-title\"><strong>FOOT &#8211; ANKLE<\/strong><\/h3>\n[\/vc_column_text][vc_column_text]\n<h6>FOOT PAIN<br \/>\nPRIMARY TENDON PROBLEMS<br \/>\nPLANTAR FACICIT<br \/>\nHEEL PAIN<br \/>\nSEVERE DISEASE<\/h6>\n[\/vc_column_text][\/vc_column][\/vc_row]\n<\/div>","protected":false},"excerpt":{"rendered":"<p>[vc_row full_width=&#8221;stretch_row&#8221; curly_padding=&#8221;content-padding-xs&#8221; css=&#8221;.vc_custom_1592232695111{padding-top: 2em !important;background-color: #f7f7f7 !important;}&#8221;][vc_column width=&#8221;1\/3&#8243; curly_padding=&#8221;content-padding-none&#8221; css=&#8221;.vc_custom_1592232744470{padding-right: 1.5em !important;padding-left: 1.5em !important;}&#8221;][vc_single_image image=&#8221;1417&#8243; img_size=&#8221;full&#8221; el_class=&#8221;xtd-offset-dots&#8221; css=&#8221;.vc_custom_1591913453354{margin-right: 1.5em !important;margin-left: 1.5em !important;padding-right: 1.5em !important;padding-left: 1.5em !important;}&#8221;][vc_column_text] NECK [\/vc_column_text][vc_column_text] NECK INJURY NECK PAIN NECK HERNIA FACE JOINT SYNDROME [\/vc_column_text][\/vc_column][vc_column width=&#8221;1\/3&#8243; css=&#8221;.vc_custom_1592232728115{padding-right: 1.5em !important;padding-left: 1.5em !important;}&#8221;][vc_single_image image=&#8221;1416&#8243; img_size=&#8221;full&#8221; el_class=&#8221;xtd-offset-dots&#8221; css=&#8221;.vc_custom_1591913445773{margin-right: 1.5em !important;margin-left: 1.5em !important;padding-right: 1.5em !important;padding-left: 1.5em !important;}&#8221;][vc_column_text] SHOULDER [\/vc_column_text][vc_column_text] SHOULDER [&hellip;]<\/p>\n","protected":false},"author":1,"featured_media":0,"parent":0,"menu_order":7,"comment_status":"closed","ping_status":"closed","template":"","meta":{"inline_featured_image":false,"footnotes":""},"class_list":["post-2101","page","type-page","status-publish","hentry"],"yoast_head":"<!-- This site is optimized with the Yoast SEO plugin v26.7 - https:\/\/yoast.com\/wordpress\/plugins\/seo\/ -->\n<title>AREAS OF INTEREST - Sava\u015f Kuda\u015f | Spor Hekimli\u011fi Uzman\u0131,<\/title>\n<meta name=\"robots\" content=\"index, follow, max-snippet:-1, max-image-preview:large, max-video-preview:-1\" \/>\n<link rel=\"canonical\" href=\"https:\/\/www.savaskudas.com\/en\/areas-of-interest\/\" \/>\n<meta property=\"og:locale\" content=\"en_US\" \/>\n<meta property=\"og:type\" content=\"article\" \/>\n<meta property=\"og:title\" content=\"AREAS OF INTEREST - Sava\u015f Kuda\u015f | Spor Hekimli\u011fi Uzman\u0131,\" \/>\n<meta property=\"og:description\" content=\"[vc_row full_width=&#8221;stretch_row&#8221; curly_padding=&#8221;content-padding-xs&#8221; css=&#8221;.vc_custom_1592232695111{padding-top: 2em !important;background-color: #f7f7f7 !important;}&#8221;][vc_column width=&#8221;1\/3&#8243; curly_padding=&#8221;content-padding-none&#8221; css=&#8221;.vc_custom_1592232744470{padding-right: 1.5em !important;padding-left: 1.5em !important;}&#8221;][vc_single_image image=&#8221;1417&#8243; img_size=&#8221;full&#8221; el_class=&#8221;xtd-offset-dots&#8221; css=&#8221;.vc_custom_1591913453354{margin-right: 1.5em !important;margin-left: 1.5em !important;padding-right: 1.5em !important;padding-left: 1.5em !important;}&#8221;][vc_column_text] NECK [\/vc_column_text][vc_column_text] NECK INJURY NECK PAIN NECK HERNIA FACE JOINT SYNDROME [\/vc_column_text][\/vc_column][vc_column width=&#8221;1\/3&#8243; css=&#8221;.vc_custom_1592232728115{padding-right: 1.5em !important;padding-left: 1.5em !important;}&#8221;][vc_single_image image=&#8221;1416&#8243; img_size=&#8221;full&#8221; el_class=&#8221;xtd-offset-dots&#8221; css=&#8221;.vc_custom_1591913445773{margin-right: 1.5em !important;margin-left: 1.5em !important;padding-right: 1.5em !important;padding-left: 1.5em !important;}&#8221;][vc_column_text] SHOULDER [\/vc_column_text][vc_column_text] SHOULDER [&hellip;]\" \/>\n<meta property=\"og:url\" content=\"https:\/\/www.savaskudas.com\/en\/areas-of-interest\/\" \/>\n<meta property=\"og:site_name\" content=\"Sava\u015f Kuda\u015f | Spor Hekimli\u011fi Uzman\u0131,\" \/>\n<meta property=\"article:modified_time\" content=\"2022-02-07T20:32:10+00:00\" \/>\n<meta name=\"twitter:card\" content=\"summary_large_image\" \/>\n<meta name=\"twitter:label1\" content=\"Est. reading time\" \/>\n\t<meta name=\"twitter:data1\" content=\"3 minutes\" \/>\n<script type=\"application\/ld+json\" class=\"yoast-schema-graph\">{\"@context\":\"https:\/\/schema.org\",\"@graph\":[{\"@type\":\"WebPage\",\"@id\":\"https:\/\/www.savaskudas.com\/en\/areas-of-interest\/\",\"url\":\"https:\/\/www.savaskudas.com\/en\/areas-of-interest\/\",\"name\":\"AREAS OF INTEREST - Sava\u015f Kuda\u015f | Spor Hekimli\u011fi Uzman\u0131,\",\"isPartOf\":{\"@id\":\"https:\/\/www.savaskudas.com\/#website\"},\"datePublished\":\"2019-03-20T18:58:41+00:00\",\"dateModified\":\"2022-02-07T20:32:10+00:00\",\"breadcrumb\":{\"@id\":\"https:\/\/www.savaskudas.com\/en\/areas-of-interest\/#breadcrumb\"},\"inLanguage\":\"en-US\",\"potentialAction\":[{\"@type\":\"ReadAction\",\"target\":[\"https:\/\/www.savaskudas.com\/en\/areas-of-interest\/\"]}]},{\"@type\":\"BreadcrumbList\",\"@id\":\"https:\/\/www.savaskudas.com\/en\/areas-of-interest\/#breadcrumb\",\"itemListElement\":[{\"@type\":\"ListItem\",\"position\":1,\"name\":\"Home\",\"item\":\"https:\/\/www.savaskudas.com\/en\/\"},{\"@type\":\"ListItem\",\"position\":2,\"name\":\"AREAS OF INTEREST\"}]},{\"@type\":\"WebSite\",\"@id\":\"https:\/\/www.savaskudas.com\/#website\",\"url\":\"https:\/\/www.savaskudas.com\/\",\"name\":\"Sava\u015f Kuda\u015f | Spor Hekimli\u011fi Uzman\u0131,\",\"description\":\"Bel-Boyun F\u0131t\u0131klar\u0131, K\u0131k\u0131rdak Problemleri, Tenis\u00e7i Dirse\u011fi, Bel-Boyun A\u011fr\u0131lar\u0131, Kas Sakatl\u0131klar\u0131, Eklem Yaralanmalar\u0131, Patellar Tendinit, Bilek Burkulmalar\u0131, Lenf - \u00d6dem Tedavisi, Menisk\u00fcs Yaralanmalar\u0131, Futbolcu Kas\u0131\u011f\u0131 (Osteitis Pubis), \u00d6n \u00c7apraz Ba\u011f Yaralanmalar\u0131, Ankara\",\"potentialAction\":[{\"@type\":\"SearchAction\",\"target\":{\"@type\":\"EntryPoint\",\"urlTemplate\":\"https:\/\/www.savaskudas.com\/?s={search_term_string}\"},\"query-input\":{\"@type\":\"PropertyValueSpecification\",\"valueRequired\":true,\"valueName\":\"search_term_string\"}}],\"inLanguage\":\"en-US\"}]}<\/script>\n<!-- \/ Yoast SEO plugin. -->","yoast_head_json":{"title":"AREAS OF INTEREST - Sava\u015f Kuda\u015f | Spor Hekimli\u011fi Uzman\u0131,","robots":{"index":"index","follow":"follow","max-snippet":"max-snippet:-1","max-image-preview":"max-image-preview:large","max-video-preview":"max-video-preview:-1"},"canonical":"https:\/\/www.savaskudas.com\/en\/areas-of-interest\/","og_locale":"en_US","og_type":"article","og_title":"AREAS OF INTEREST - Sava\u015f Kuda\u015f | Spor Hekimli\u011fi Uzman\u0131,","og_description":"[vc_row full_width=&#8221;stretch_row&#8221; curly_padding=&#8221;content-padding-xs&#8221; css=&#8221;.vc_custom_1592232695111{padding-top: 2em !important;background-color: #f7f7f7 !important;}&#8221;][vc_column width=&#8221;1\/3&#8243; curly_padding=&#8221;content-padding-none&#8221; css=&#8221;.vc_custom_1592232744470{padding-right: 1.5em !important;padding-left: 1.5em !important;}&#8221;][vc_single_image image=&#8221;1417&#8243; img_size=&#8221;full&#8221; el_class=&#8221;xtd-offset-dots&#8221; css=&#8221;.vc_custom_1591913453354{margin-right: 1.5em !important;margin-left: 1.5em !important;padding-right: 1.5em !important;padding-left: 1.5em !important;}&#8221;][vc_column_text] NECK [\/vc_column_text][vc_column_text] NECK INJURY NECK PAIN NECK HERNIA FACE JOINT SYNDROME [\/vc_column_text][\/vc_column][vc_column width=&#8221;1\/3&#8243; css=&#8221;.vc_custom_1592232728115{padding-right: 1.5em !important;padding-left: 1.5em !important;}&#8221;][vc_single_image image=&#8221;1416&#8243; img_size=&#8221;full&#8221; el_class=&#8221;xtd-offset-dots&#8221; css=&#8221;.vc_custom_1591913445773{margin-right: 1.5em !important;margin-left: 1.5em !important;padding-right: 1.5em !important;padding-left: 1.5em !important;}&#8221;][vc_column_text] SHOULDER [\/vc_column_text][vc_column_text] SHOULDER [&hellip;]","og_url":"https:\/\/www.savaskudas.com\/en\/areas-of-interest\/","og_site_name":"Sava\u015f Kuda\u015f | Spor Hekimli\u011fi Uzman\u0131,","article_modified_time":"2022-02-07T20:32:10+00:00","twitter_card":"summary_large_image","twitter_misc":{"Est. reading time":"3 minutes"},"schema":{"@context":"https:\/\/schema.org","@graph":[{"@type":"WebPage","@id":"https:\/\/www.savaskudas.com\/en\/areas-of-interest\/","url":"https:\/\/www.savaskudas.com\/en\/areas-of-interest\/","name":"AREAS OF INTEREST - Sava\u015f Kuda\u015f | Spor Hekimli\u011fi Uzman\u0131,","isPartOf":{"@id":"https:\/\/www.savaskudas.com\/#website"},"datePublished":"2019-03-20T18:58:41+00:00","dateModified":"2022-02-07T20:32:10+00:00","breadcrumb":{"@id":"https:\/\/www.savaskudas.com\/en\/areas-of-interest\/#breadcrumb"},"inLanguage":"en-US","potentialAction":[{"@type":"ReadAction","target":["https:\/\/www.savaskudas.com\/en\/areas-of-interest\/"]}]},{"@type":"BreadcrumbList","@id":"https:\/\/www.savaskudas.com\/en\/areas-of-interest\/#breadcrumb","itemListElement":[{"@type":"ListItem","position":1,"name":"Home","item":"https:\/\/www.savaskudas.com\/en\/"},{"@type":"ListItem","position":2,"name":"AREAS OF INTEREST"}]},{"@type":"WebSite","@id":"https:\/\/www.savaskudas.com\/#website","url":"https:\/\/www.savaskudas.com\/","name":"Sava\u015f Kuda\u015f | Spor Hekimli\u011fi Uzman\u0131,","description":"Bel-Boyun F\u0131t\u0131klar\u0131, K\u0131k\u0131rdak Problemleri, Tenis\u00e7i Dirse\u011fi, Bel-Boyun A\u011fr\u0131lar\u0131, Kas Sakatl\u0131klar\u0131, Eklem Yaralanmalar\u0131, Patellar Tendinit, Bilek Burkulmalar\u0131, Lenf - \u00d6dem Tedavisi, Menisk\u00fcs Yaralanmalar\u0131, Futbolcu Kas\u0131\u011f\u0131 (Osteitis Pubis), \u00d6n \u00c7apraz Ba\u011f Yaralanmalar\u0131, Ankara","potentialAction":[{"@type":"SearchAction","target":{"@type":"EntryPoint","urlTemplate":"https:\/\/www.savaskudas.com\/?s={search_term_string}"},"query-input":{"@type":"PropertyValueSpecification","valueRequired":true,"valueName":"search_term_string"}}],"inLanguage":"en-US"}]}},"_links":{"self":[{"href":"https:\/\/www.savaskudas.com\/en\/wp-json\/wp\/v2\/pages\/2101","targetHints":{"allow":["GET"]}}],"collection":[{"href":"https:\/\/www.savaskudas.com\/en\/wp-json\/wp\/v2\/pages"}],"about":[{"href":"https:\/\/www.savaskudas.com\/en\/wp-json\/wp\/v2\/types\/page"}],"author":[{"embeddable":true,"href":"https:\/\/www.savaskudas.com\/en\/wp-json\/wp\/v2\/users\/1"}],"replies":[{"embeddable":true,"href":"https:\/\/www.savaskudas.com\/en\/wp-json\/wp\/v2\/comments?post=2101"}],"version-history":[{"count":0,"href":"https:\/\/www.savaskudas.com\/en\/wp-json\/wp\/v2\/pages\/2101\/revisions"}],"wp:attachment":[{"href":"https:\/\/www.savaskudas.com\/en\/wp-json\/wp\/v2\/media?parent=2101"}],"curies":[{"name":"wp","href":"https:\/\/api.w.org\/{rel}","templated":true}]}}