{"id":2092,"date":"2022-02-07T22:36:01","date_gmt":"2022-02-07T19:36:01","guid":{"rendered":"http:\/\/www.savaskudas.com\/?page_id=2092"},"modified":"2026-01-10T12:26:46","modified_gmt":"2026-01-10T09:26:46","slug":"homepage","status":"publish","type":"page","link":"https:\/\/www.savaskudas.com\/en\/","title":{"rendered":"HOMEPAGE"},"content":{"rendered":"<div class=\"wpb-content-wrapper\">[vc_row curly_bg_position=&#8221;bg-pos-left-bottom&#8221; curly_padding=&#8221;content-padding-lg&#8221;][vc_column width=&#8221;5\/12&#8243; curly_bg_position=&#8221;bg-pos-left-bottom&#8221; curly_padding=&#8221;content-padding&#8221; el_class=&#8221;xtd-shadow&#8211;large-light z-index&#8211;1&#8243; offset=&#8221;vc_col-lg-offset-1 vc_col-lg-3 vc_col-md-offset-1 vc_col-md-3 vc_col-sm-offset-1 vc_col-xs-offset-1 vc_col-xs-10&#8243; css=&#8221;.vc_custom_1589414877652{margin-top: 50px !important;background-color: #ffffff !important;}&#8221;][vc_column_text]\n<h4 style=\"text-align: center;\"><strong>Online Appointment<\/strong><\/h4>\n<h4 style=\"text-align: center;\"><small>Create Request<\/small><\/h4>\n[\/vc_column_text][vc_btn title=&#8221;Make an Appointment!&#8221; align=&#8221;center&#8221; i_type=&#8221;linecons&#8221; i_icon_linecons=&#8221;vc_li vc_li-calendar&#8221; add_icon=&#8221;true&#8221; link=&#8221;url:http%3A%2F%2Fwww.savaskudas.com%2Fen%2Fappointment%2F|title:APPOINTMENT&#8221;][\/vc_column][\/vc_row][vc_row el_id=&#8221;welcome&#8221;][vc_column width=&#8221;1\/2&#8243; css=&#8221;.vc_custom_1592603919567{padding-right: 1.5em !important;padding-left: 1.5em !important;}&#8221; offset=&#8221;vc_col-lg-offset-1 vc_col-lg-5&#8243;][vc_single_image image=&#8221;1424&#8243; img_size=&#8221;full&#8221; alignment=&#8221;center&#8221; style=&#8221;xtd-shadow&#8211;large-light&#8221; css=&#8221;.vc_custom_1591912046586{margin-right: 2rem !important;}&#8221; el_class=&#8221;xtd-offset-dots&#8221;][vc_column_text]\n<h2 class=\"special-title\">Correct Diagnosis<\/h2>\n[\/vc_column_text][vc_column_text]<strong>Correct diagnosis in sports injuries; <\/strong>It ensures that the treatment is done as soon as possible and correctly.[\/vc_column_text][\/vc_column][vc_column width=&#8221;1\/2&#8243; css=&#8221;.vc_custom_1592603986458{padding-right: 1.5em !important;padding-bottom: 1.5em !important;padding-left: 1.5em !important;}&#8221; offset=&#8221;vc_col-lg-offset-1 vc_col-lg-5&#8243;][vc_single_image image=&#8221;1482&#8243; img_size=&#8221;full&#8221; alignment=&#8221;center&#8221; style=&#8221;xtd-shadow&#8211;large-light&#8221; css=&#8221;.vc_custom_1591912032580{margin-right: 2rem !important;}&#8221; el_class=&#8221;xtd-offset-dots&#8221;][vc_column_text]\n<h2 class=\"special-title\">Exercise in Musculoskeletal Disorders<\/h2>\n[\/vc_column_text][vc_column_text]Adequate nutrition is important to reduce the risk of injury to the body due to training. Proper and adequate nutrition is an indispensable requirement for the body in terms of sports.[\/vc_column_text][\/vc_column][vc_column width=&#8221;1\/3&#8243; css=&#8221;.vc_custom_1591912105623{padding-top: 1.5em !important;padding-right: 1.5em !important;padding-left: 1.5em !important;}&#8221;][vc_single_image image=&#8221;1427&#8243; img_size=&#8221;full&#8221; style=&#8221;xtd-shadow&#8211;large-light&#8221; css=&#8221;.vc_custom_1576415797965{margin-right: 4rem !important;}&#8221; el_class=&#8221;xtd-offset-dots&#8221;][vc_column_text]\n<h2 class=\"special-title\"><span class=\"\">Sports Rehabilitatio<\/span>n<\/h2>\n[\/vc_column_text][vc_column_text]During the time you do sports; Massage, mobilization and stretching applications to be performed by physiotherapists under the control of sports physicians prevent muscle pain and reduce the risk of exercise-related injury.[\/vc_column_text][\/vc_column][vc_column width=&#8221;1\/3&#8243; css=&#8221;.vc_custom_1591912112067{padding-top: 1.5em !important;padding-right: 1.5em !important;padding-left: 1.5em !important;}&#8221;][vc_single_image image=&#8221;1425&#8243; img_size=&#8221;full&#8221; style=&#8221;xtd-shadow&#8211;large-light&#8221; css=&#8221;.vc_custom_1576415822746{margin-right: 4rem !important;}&#8221; el_class=&#8221;xtd-offset-dots&#8221;][vc_column_text]\n<h2 class=\"special-title\"><span class=\"\">Prohibited Substance \u2013 Dopin<\/span>g<\/h2>\n[\/vc_column_text][vc_column_text]<span class=\"\">The use of prohibited substances can harm the physical and mental health of the athletes. <\/span>It is also against sports ethics. Stay clean for clean sport.[\/vc_column_text][\/vc_column][vc_column width=&#8221;1\/3&#8243; css=&#8221;.vc_custom_1591912120110{padding-top: 1.5em !important;padding-right: 1.5em !important;padding-left: 1.5em !important;}&#8221;][vc_single_image image=&#8221;1422&#8243; img_size=&#8221;full&#8221; style=&#8221;xtd-shadow&#8211;large-light&#8221; css=&#8221;.vc_custom_1576415768670{margin-right: 4rem !important;}&#8221; el_class=&#8221;xtd-offset-dots&#8221;][vc_column_text]\n<h2 class=\"special-title\"><span class=\"\">Athlete Tests<\/span><\/h2>\n[\/vc_column_text][vc_column_text]Musculoskeletal system-specific tests and evaluations to be performed before starting sports reduce the risk of injury and prevent serious injuries from occurring.[\/vc_column_text][\/vc_column][\/vc_row][vc_row curly_padding=&#8221;content-padding-none&#8221;][vc_column curly_padding=&#8221;content-padding-none&#8221; css=&#8221;.vc_custom_1591911420598{padding-top: 1.5em !important;}&#8221;][vc_column_text]\n<h2 class=\"special-title\"><strong>Treatments Applied<\/strong><\/h2>\n<h2 class=\"special-title\">in Our Clinic<\/h2>\n[\/vc_column_text][\/vc_column][vc_column width=&#8221;1\/2&#8243; offset=&#8221;vc_col-lg-6 vc_col-md-6&#8243; css=&#8221;.vc_custom_1591911407616{padding-right: 1.5em !important;padding-left: 1.5em !important;}&#8221;][vc_column_text]Sports Medicine is a branch of science that provides services in the diagnosis and treatment of health problems caused by the participation of individuals of all ages and genders in sports or not doing sports.\u00a0Sports medicine specialization is a department with a 4-year residency period after graduating from medical school, with placement with the Medical Specialization Examination.<\/p>\n<p>Orthopedics, physical therapy and rehabilitation and cardiology rotations are performed during the specialization process. Although subjects such as exercise physiology and biochemistry, sports traumatology, and sports rehabilitation are the main areas of interest of sports physicians, regular examinations of sports practitioners, performance measurement and follow-up, examining the factors that prepare them for sports injuries and reducing the incidence of injuries are the duties of the sports physician.<\/p>\n<p>Athletes and active individuals need a wide range of sports-specific knowledge and experience, ranging from musculoskeletal problems to the stresses of environmental effects, from cardiac to dermatological problems, from endocrinological issues to psychological ones.\u00a0Legal and ethical issues (eg, doping) are added to this complex picture, which places a special responsibility on physicians working with athletes.\u00a0The issue of protection from chronic diseases has emerged as a field of study that has great importance in recent years, and many circles agree on the feature that sports medicine makes the most meaningful contribution to each individual of the society, with the effect of increasing the quality of daily life of sports medicine.[\/vc_column_text][\/vc_column][vc_column width=&#8221;1\/2&#8243; offset=&#8221;vc_col-lg-6 vc_col-md-6&#8243; css=&#8221;.vc_custom_1591911414692{padding-right: 1.5em !important;padding-left: 1.5em !important;}&#8221;][vc_column_text css=&#8221;&#8221;]Sports medicine focuses on four main areas: preparation of the athlete, protection from illness or injury, treatment and rehabilitation of the injured athlete and reintroducing them to sports life.\u00a0Preparation or conditioning exercises develop specific aspects of the athlete&#8217;s performance, such as speed, strength and endurance.\u00a0In these areas, sports medicine specialists work in coordination with physicians from many branches, dietitians, psychologists, training scientists and trainers.<\/p>\n<p>In our clinic, the diagnosis, treatment and sportive rehabilitation of the problems of not only elite athletes but also individuals who are recreationally active are carried out.<\/p>\n<p>While correct exercises are important in treatment, incorrect exercise can cause injuries.\u00a0In our athlete health center, we aim to give you the most accurate and proper treatment with our expert physiotherapists who have worked in professional sports clubs for many years and are still working.<\/p>\n<p>Osteopathy, Manipulation \u2013 Mobilization Techniques, Exercise Therapy, ESWT (shock wave therapy) and Enriched Plasma Platelet support services are provided in our clinic.[\/vc_column_text][\/vc_column][\/vc_row][vc_row disable_element=&#8221;yes&#8221; curly_bg_position=&#8221;bg-pos-center-center&#8221; curly_padding=&#8221;content-padding-xs&#8221;][vc_column][vc_raw_html]JTVCcmVjZW50X3Bvc3RfY2Fyb3VzZWwlMjBkZXNpZ24lM0QlMjJkZXNpZ24tMjklMjIlMjBzaG93X2RhdGUlM0QlMjJmYWxzZSUyMiUyMHNob3dfYXV0aG9yJTNEJTIyZmFsc2UlMjIlMjBzaG93X2NhdGVnb3J5X25hbWUlM0QlMjJmYWxzZSUyMiUyMGRvdHMlM0QlMjJmYWxzZSUyMiUyMGNvbnRlbnRfd29yZHNfbGltaXQlM0QlMjIxNSUyMiUyMGxpbWl0JTNEJTIyMjAlMjIlMjBzbGlkZXNfdG9fc2hvdyUzRCUyMjMlMjIlMjBzbGlkZXNfdG9fc2Nyb2xsJTNEJTIyMSUyMiUyMGF1dG9wbGF5X2ludGVydmFsJTNEJTIyMzAwMCUyMiUyMHNwZWVkJTNEJTIyMzAwJTIyJTVE[\/vc_raw_html][\/vc_column][\/vc_row]\n<\/div>","protected":false},"excerpt":{"rendered":"<p>[vc_row curly_bg_position=&#8221;bg-pos-left-bottom&#8221; curly_padding=&#8221;content-padding-lg&#8221;][vc_column width=&#8221;5\/12&#8243; curly_bg_position=&#8221;bg-pos-left-bottom&#8221; curly_padding=&#8221;content-padding&#8221; el_class=&#8221;xtd-shadow&#8211;large-light z-index&#8211;1&#8243; offset=&#8221;vc_col-lg-offset-1 vc_col-lg-3 vc_col-md-offset-1 vc_col-md-3 vc_col-sm-offset-1 vc_col-xs-offset-1 vc_col-xs-10&#8243; css=&#8221;.vc_custom_1589414877652{margin-top: 50px !important;background-color: #ffffff !important;}&#8221;][vc_column_text] Online Appointment Create Request [\/vc_column_text][vc_btn title=&#8221;Make an Appointment!&#8221; align=&#8221;center&#8221; i_type=&#8221;linecons&#8221; i_icon_linecons=&#8221;vc_li vc_li-calendar&#8221; add_icon=&#8221;true&#8221; link=&#8221;url:http%3A%2F%2Fwww.savaskudas.com%2Fen%2Fappointment%2F|title:APPOINTMENT&#8221;][\/vc_column][\/vc_row][vc_row el_id=&#8221;welcome&#8221;][vc_column width=&#8221;1\/2&#8243; css=&#8221;.vc_custom_1592603919567{padding-right: 1.5em !important;padding-left: 1.5em !important;}&#8221; offset=&#8221;vc_col-lg-offset-1 vc_col-lg-5&#8243;][vc_single_image image=&#8221;1424&#8243; img_size=&#8221;full&#8221; alignment=&#8221;center&#8221; style=&#8221;xtd-shadow&#8211;large-light&#8221; css=&#8221;.vc_custom_1591912046586{margin-right: 2rem !important;}&#8221; el_class=&#8221;xtd-offset-dots&#8221;][vc_column_text] Correct Diagnosis [\/vc_column_text][vc_column_text]Correct diagnosis in sports injuries; It ensures [&hellip;]<\/p>\n","protected":false},"author":1,"featured_media":0,"parent":0,"menu_order":1,"comment_status":"closed","ping_status":"closed","template":"","meta":{"inline_featured_image":false,"footnotes":""},"class_list":["post-2092","page","type-page","status-publish","hentry"],"yoast_head":"<!-- This site is optimized with the Yoast SEO plugin v26.7 - https:\/\/yoast.com\/wordpress\/plugins\/seo\/ -->\n<title>HOMEPAGE - Sava\u015f Kuda\u015f | Spor Hekimli\u011fi Uzman\u0131,<\/title>\n<meta name=\"robots\" content=\"index, follow, max-snippet:-1, max-image-preview:large, max-video-preview:-1\" \/>\n<link rel=\"canonical\" href=\"https:\/\/www.savaskudas.com\/en\/\" \/>\n<meta property=\"og:locale\" content=\"en_US\" \/>\n<meta property=\"og:type\" content=\"article\" \/>\n<meta property=\"og:title\" content=\"HOMEPAGE - Sava\u015f Kuda\u015f | Spor Hekimli\u011fi Uzman\u0131,\" \/>\n<meta property=\"og:description\" content=\"[vc_row curly_bg_position=&#8221;bg-pos-left-bottom&#8221; curly_padding=&#8221;content-padding-lg&#8221;][vc_column width=&#8221;5\/12&#8243; curly_bg_position=&#8221;bg-pos-left-bottom&#8221; curly_padding=&#8221;content-padding&#8221; el_class=&#8221;xtd-shadow&#8211;large-light z-index&#8211;1&#8243; offset=&#8221;vc_col-lg-offset-1 vc_col-lg-3 vc_col-md-offset-1 vc_col-md-3 vc_col-sm-offset-1 vc_col-xs-offset-1 vc_col-xs-10&#8243; css=&#8221;.vc_custom_1589414877652{margin-top: 50px !important;background-color: #ffffff !important;}&#8221;][vc_column_text] Online Appointment Create Request [\/vc_column_text][vc_btn title=&#8221;Make an Appointment!&#8221; align=&#8221;center&#8221; i_type=&#8221;linecons&#8221; i_icon_linecons=&#8221;vc_li vc_li-calendar&#8221; add_icon=&#8221;true&#8221; link=&#8221;url:http%3A%2F%2Fwww.savaskudas.com%2Fen%2Fappointment%2F|title:APPOINTMENT&#8221;][\/vc_column][\/vc_row][vc_row el_id=&#8221;welcome&#8221;][vc_column width=&#8221;1\/2&#8243; css=&#8221;.vc_custom_1592603919567{padding-right: 1.5em !important;padding-left: 1.5em !important;}&#8221; offset=&#8221;vc_col-lg-offset-1 vc_col-lg-5&#8243;][vc_single_image image=&#8221;1424&#8243; img_size=&#8221;full&#8221; alignment=&#8221;center&#8221; style=&#8221;xtd-shadow&#8211;large-light&#8221; css=&#8221;.vc_custom_1591912046586{margin-right: 2rem !important;}&#8221; el_class=&#8221;xtd-offset-dots&#8221;][vc_column_text] Correct Diagnosis [\/vc_column_text][vc_column_text]Correct diagnosis in sports injuries; It ensures [&hellip;]\" \/>\n<meta property=\"og:url\" content=\"https:\/\/www.savaskudas.com\/en\/\" \/>\n<meta property=\"og:site_name\" content=\"Sava\u015f Kuda\u015f | Spor Hekimli\u011fi Uzman\u0131,\" \/>\n<meta property=\"article:modified_time\" content=\"2026-01-10T09:26:46+00:00\" \/>\n<meta name=\"twitter:card\" content=\"summary_large_image\" \/>\n<meta name=\"twitter:label1\" content=\"Est. reading time\" \/>\n\t<meta name=\"twitter:data1\" content=\"6 minutes\" \/>\n<script type=\"application\/ld+json\" class=\"yoast-schema-graph\">{\"@context\":\"https:\/\/schema.org\",\"@graph\":[{\"@type\":\"WebPage\",\"@id\":\"https:\/\/www.savaskudas.com\/en\/\",\"url\":\"https:\/\/www.savaskudas.com\/en\/\",\"name\":\"HOMEPAGE - Sava\u015f Kuda\u015f | Spor Hekimli\u011fi Uzman\u0131,\",\"isPartOf\":{\"@id\":\"https:\/\/www.savaskudas.com\/#website\"},\"datePublished\":\"2022-02-07T19:36:01+00:00\",\"dateModified\":\"2026-01-10T09:26:46+00:00\",\"breadcrumb\":{\"@id\":\"https:\/\/www.savaskudas.com\/en\/#breadcrumb\"},\"inLanguage\":\"en-US\",\"potentialAction\":[{\"@type\":\"ReadAction\",\"target\":[\"https:\/\/www.savaskudas.com\/en\/\"]}]},{\"@type\":\"BreadcrumbList\",\"@id\":\"https:\/\/www.savaskudas.com\/en\/#breadcrumb\",\"itemListElement\":[{\"@type\":\"ListItem\",\"position\":1,\"name\":\"Home\",\"item\":\"https:\/\/www.savaskudas.com\/en\/\"},{\"@type\":\"ListItem\",\"position\":2,\"name\":\"HOMEPAGE\"}]},{\"@type\":\"WebSite\",\"@id\":\"https:\/\/www.savaskudas.com\/#website\",\"url\":\"https:\/\/www.savaskudas.com\/\",\"name\":\"Sava\u015f Kuda\u015f | Spor Hekimli\u011fi Uzman\u0131,\",\"description\":\"Bel-Boyun F\u0131t\u0131klar\u0131, K\u0131k\u0131rdak Problemleri, Tenis\u00e7i Dirse\u011fi, Bel-Boyun A\u011fr\u0131lar\u0131, Kas Sakatl\u0131klar\u0131, Eklem Yaralanmalar\u0131, Patellar Tendinit, Bilek Burkulmalar\u0131, Lenf - \u00d6dem Tedavisi, Menisk\u00fcs Yaralanmalar\u0131, Futbolcu Kas\u0131\u011f\u0131 (Osteitis Pubis), \u00d6n \u00c7apraz Ba\u011f Yaralanmalar\u0131, Ankara\",\"potentialAction\":[{\"@type\":\"SearchAction\",\"target\":{\"@type\":\"EntryPoint\",\"urlTemplate\":\"https:\/\/www.savaskudas.com\/?s={search_term_string}\"},\"query-input\":{\"@type\":\"PropertyValueSpecification\",\"valueRequired\":true,\"valueName\":\"search_term_string\"}}],\"inLanguage\":\"en-US\"}]}<\/script>\n<!-- \/ Yoast SEO plugin. -->","yoast_head_json":{"title":"HOMEPAGE - Sava\u015f Kuda\u015f | Spor Hekimli\u011fi Uzman\u0131,","robots":{"index":"index","follow":"follow","max-snippet":"max-snippet:-1","max-image-preview":"max-image-preview:large","max-video-preview":"max-video-preview:-1"},"canonical":"https:\/\/www.savaskudas.com\/en\/","og_locale":"en_US","og_type":"article","og_title":"HOMEPAGE - Sava\u015f Kuda\u015f | Spor Hekimli\u011fi Uzman\u0131,","og_description":"[vc_row curly_bg_position=&#8221;bg-pos-left-bottom&#8221; curly_padding=&#8221;content-padding-lg&#8221;][vc_column width=&#8221;5\/12&#8243; curly_bg_position=&#8221;bg-pos-left-bottom&#8221; curly_padding=&#8221;content-padding&#8221; el_class=&#8221;xtd-shadow&#8211;large-light z-index&#8211;1&#8243; offset=&#8221;vc_col-lg-offset-1 vc_col-lg-3 vc_col-md-offset-1 vc_col-md-3 vc_col-sm-offset-1 vc_col-xs-offset-1 vc_col-xs-10&#8243; css=&#8221;.vc_custom_1589414877652{margin-top: 50px !important;background-color: #ffffff !important;}&#8221;][vc_column_text] Online Appointment Create Request [\/vc_column_text][vc_btn title=&#8221;Make an Appointment!&#8221; align=&#8221;center&#8221; i_type=&#8221;linecons&#8221; i_icon_linecons=&#8221;vc_li vc_li-calendar&#8221; add_icon=&#8221;true&#8221; link=&#8221;url:http%3A%2F%2Fwww.savaskudas.com%2Fen%2Fappointment%2F|title:APPOINTMENT&#8221;][\/vc_column][\/vc_row][vc_row el_id=&#8221;welcome&#8221;][vc_column width=&#8221;1\/2&#8243; css=&#8221;.vc_custom_1592603919567{padding-right: 1.5em !important;padding-left: 1.5em !important;}&#8221; offset=&#8221;vc_col-lg-offset-1 vc_col-lg-5&#8243;][vc_single_image image=&#8221;1424&#8243; img_size=&#8221;full&#8221; alignment=&#8221;center&#8221; style=&#8221;xtd-shadow&#8211;large-light&#8221; css=&#8221;.vc_custom_1591912046586{margin-right: 2rem !important;}&#8221; el_class=&#8221;xtd-offset-dots&#8221;][vc_column_text] Correct Diagnosis [\/vc_column_text][vc_column_text]Correct diagnosis in sports injuries; It ensures [&hellip;]","og_url":"https:\/\/www.savaskudas.com\/en\/","og_site_name":"Sava\u015f Kuda\u015f | Spor Hekimli\u011fi Uzman\u0131,","article_modified_time":"2026-01-10T09:26:46+00:00","twitter_card":"summary_large_image","twitter_misc":{"Est. reading time":"6 minutes"},"schema":{"@context":"https:\/\/schema.org","@graph":[{"@type":"WebPage","@id":"https:\/\/www.savaskudas.com\/en\/","url":"https:\/\/www.savaskudas.com\/en\/","name":"HOMEPAGE - Sava\u015f Kuda\u015f | Spor Hekimli\u011fi Uzman\u0131,","isPartOf":{"@id":"https:\/\/www.savaskudas.com\/#website"},"datePublished":"2022-02-07T19:36:01+00:00","dateModified":"2026-01-10T09:26:46+00:00","breadcrumb":{"@id":"https:\/\/www.savaskudas.com\/en\/#breadcrumb"},"inLanguage":"en-US","potentialAction":[{"@type":"ReadAction","target":["https:\/\/www.savaskudas.com\/en\/"]}]},{"@type":"BreadcrumbList","@id":"https:\/\/www.savaskudas.com\/en\/#breadcrumb","itemListElement":[{"@type":"ListItem","position":1,"name":"Home","item":"https:\/\/www.savaskudas.com\/en\/"},{"@type":"ListItem","position":2,"name":"HOMEPAGE"}]},{"@type":"WebSite","@id":"https:\/\/www.savaskudas.com\/#website","url":"https:\/\/www.savaskudas.com\/","name":"Sava\u015f Kuda\u015f | Spor Hekimli\u011fi Uzman\u0131,","description":"Bel-Boyun F\u0131t\u0131klar\u0131, K\u0131k\u0131rdak Problemleri, Tenis\u00e7i Dirse\u011fi, Bel-Boyun A\u011fr\u0131lar\u0131, Kas Sakatl\u0131klar\u0131, Eklem Yaralanmalar\u0131, Patellar Tendinit, Bilek Burkulmalar\u0131, Lenf - \u00d6dem Tedavisi, Menisk\u00fcs Yaralanmalar\u0131, Futbolcu Kas\u0131\u011f\u0131 (Osteitis Pubis), \u00d6n \u00c7apraz Ba\u011f Yaralanmalar\u0131, Ankara","potentialAction":[{"@type":"SearchAction","target":{"@type":"EntryPoint","urlTemplate":"https:\/\/www.savaskudas.com\/?s={search_term_string}"},"query-input":{"@type":"PropertyValueSpecification","valueRequired":true,"valueName":"search_term_string"}}],"inLanguage":"en-US"}]}},"_links":{"self":[{"href":"https:\/\/www.savaskudas.com\/en\/wp-json\/wp\/v2\/pages\/2092","targetHints":{"allow":["GET"]}}],"collection":[{"href":"https:\/\/www.savaskudas.com\/en\/wp-json\/wp\/v2\/pages"}],"about":[{"href":"https:\/\/www.savaskudas.com\/en\/wp-json\/wp\/v2\/types\/page"}],"author":[{"embeddable":true,"href":"https:\/\/www.savaskudas.com\/en\/wp-json\/wp\/v2\/users\/1"}],"replies":[{"embeddable":true,"href":"https:\/\/www.savaskudas.com\/en\/wp-json\/wp\/v2\/comments?post=2092"}],"version-history":[{"count":3,"href":"https:\/\/www.savaskudas.com\/en\/wp-json\/wp\/v2\/pages\/2092\/revisions"}],"predecessor-version":[{"id":2362,"href":"https:\/\/www.savaskudas.com\/en\/wp-json\/wp\/v2\/pages\/2092\/revisions\/2362"}],"wp:attachment":[{"href":"https:\/\/www.savaskudas.com\/en\/wp-json\/wp\/v2\/media?parent=2092"}],"curies":[{"name":"wp","href":"https:\/\/api.w.org\/{rel}","templated":true}]}}