{"id":2075,"date":"2017-08-09T15:12:10","date_gmt":"2017-08-09T12:12:10","guid":{"rendered":"http:\/\/www.savaskudas.com\/biyografi\/"},"modified":"2022-02-08T11:23:41","modified_gmt":"2022-02-08T08:23:41","slug":"biography","status":"publish","type":"page","link":"https:\/\/www.savaskudas.com\/en\/biography\/","title":{"rendered":"BIOGRAPHY"},"content":{"rendered":"<div class=\"wpb-content-wrapper\">[vc_row curly_padding=&#8221;content-padding-xl&#8221;][vc_column width=&#8221;1\/2&#8243;][vc_single_image image=&#8221;1442&#8243; img_size=&#8221;large&#8221; style=&#8221;xtd-shadow&#8211;large-light&#8221; el_class=&#8221;xtd-offset-dots&#8221;][\/vc_column][vc_column width=&#8221;5\/12&#8243; offset=&#8221;vc_col-lg-offset-1 vc_col-lg-4 vc_col-sm-offset-1&#8243;]<div class='xtd-shape xtd-shadow--large-light xtd-shape--position-absolute xtd-shape--z-index--1  vc_custom_1544652136275'  style=\"width: 10rem; height: 10rem; top: -20px; opacity: 0.5\" ><\/div><div class='xtd-shape xtd-shadow--normal-light xtd-shape--position-absolute xtd-shape--z-index-0  vc_custom_1498068041800'  style=\"width: 4rem; height: 4rem; top: 0; left: 100%\" ><\/div>[vc_column_text]\n<h2 class=\"special-title\"><strong>Sava\u015f Kuda\u015f<br \/>\n<b><span class=\"med1\">M.D. Specialist<\/span><\/b><br \/>\n<\/strong><\/h2>\n[\/vc_column_text][vc_column_text]\n<p class=\"lead\">Sports Medicine Specialist<\/p>\n[\/vc_column_text][vc_column_text]Sava\u015f KUDA\u015e-M.D. <span class=\"med1\">Specialist<\/span> was born in 1975 in Trabzon. After completing his primary, secondary and high school education in Trabzon, he entered Karadeniz Technical University Faculty of Medicine in 1991. He graduated from the university in 1997 and worked as a Maternal Child Health Branch Manager for 2.5 years in Bayburt. He earned his specialization in Sports Medicine at Ankara University Faculty of Medicine in 2001 and graduated as a specialist in May 2005. During his residency, he participated in the training program of the Italian Olympic Committee on Athlete Health and Performance in Rome. He worked as a football team doctor for Gen\u00e7lerbirli\u011fi Sports Club, which he started as an internship during his specialization period, for 11 years between 2004 and 2015, and then transferred to Osmanl\u0131spor Football Club.<\/p>\n<p>He did his military service as the founder and doctor of the Sportsman&#8217;s Health Center at the Military Academy Physical Education and Sports Presidency.<\/p>\n<p>In his professional experience, he worked as a Sports Medicine Specialist and Deputy Chief Physician at Ankara Atat\u00fcrk Training and Research Hospital between November 2007 and November 2012 and played an important role in the establishment of the athlete health unit in the same hospital.<\/p>\n<p>He has been serving all athletes in the field of examination and rehabilitation in Sava\u015f Kuda\u015f Sports Medicine Clinic since 2012.<\/p>\n<p>Sava\u015f KUDA\u015e-M.D. <span class=\"med1\">Specialist<\/span> is the father of two daughters.[\/vc_column_text]<div class='xtd-shape xtd-shadow--normal-light xtd-shape--position-absolute xtd-shape--z-index-0  vc_custom_1498121544650'  style=\"width: 4rem; height: 4rem; right: 90%; bottom: 0\" ><\/div>[\/vc_column][\/vc_row][vc_row content_placement=&#8221;middle&#8221; curly_padding=&#8221;content-padding-xl&#8221;][vc_column width=&#8221;1\/2&#8243;][vc_single_image image=&#8221;1435&#8243; img_size=&#8221;full&#8221; style=&#8221;xtd-shadow&#8211;large-light&#8221; el_class=&#8221;xtd-offset-dots&#8221; css=&#8221;.vc_custom_1576416724490{margin-right: 4rem !important;}&#8221;][vc_single_image image=&#8221;1434&#8243; img_size=&#8221;full&#8221; alignment=&#8221;right&#8221; style=&#8221;xtd-shadow&#8211;large-light&#8221; el_class=&#8221;z-index&#8211;2&#8243; css=&#8221;.vc_custom_1576416742231{margin-top: -60% !important;margin-left: 45% !important;}&#8221; curly_max_width=&#8221;20rem&#8221;][\/vc_column][vc_column width=&#8221;5\/12&#8243; offset=&#8221;vc_col-sm-offset-1&#8243;][vc_column_text]\n<h3 class=\"special-title\"><span class=\"\">Other Duties<\/span><\/h3>\n[\/vc_column_text][vc_empty_space height=&#8221;&#8221; el_class=&#8221;xtd-spacer&#8221;][vc_column_text]\n<p class=\"Saptanm\"><span class=\"\">Turkish Football Federation Independent Doping Sampling Officer (2001-\u2026.)<\/span><\/p>\n<p class=\"Saptanm\">Ankara Sports Medicine Development Association Membership (2001-\u2026.)<\/p>\n<p class=\"Saptanm\">Membership of Turkish Sports Physicians Association (2003-\u2026.)<\/p>\n<p class=\"Saptanm\">Member of Turkish Handball Federation Health Board<\/p>\n<p class=\"Saptanm\">Turkish School Sports Federation Health Board Member<\/p>\n<p class=\"Saptanm\">Turkish Fencing Federation Health Consultancy<\/p>\n<p class=\"Saptanm\">Ankarag\u00fcc\u00fc Football Team Consultant Physician 2013-14<\/p>\n<p class=\"Saptanm\">Osmanli\u00a0<span lang=\"ES-TRAD\">Spor Football Team<\/span>\u00a0Consultant Physician 2014-2015<\/p>\n<p class=\"Saptanm\">Turkish Pentathlon Federation Health Board Presidency 2016-18<\/p>\n<p class=\"Saptanm\">Genclerbirligi Sports Club Team Doctor 2004-2015<\/p>\n<p class=\"Saptanm\">Osmanlispor Medical Directorate 2015-2020<\/p>\n<p class=\"Saptanm\">Ziraatbank Volleyball Team Consultancy 2018-19<\/p>\n<p class=\"Saptanm\">Halkbank Volleyball Team Consultancy 2019-2020<\/p>\n<p>Genclerbirligi Sports Club Team Doctor 2020-Ongoing[\/vc_column_text][\/vc_column][\/vc_row][vc_row content_placement=&#8221;middle&#8221; curly_padding=&#8221;content-padding-xl&#8221;][vc_column width=&#8221;1\/2&#8243;][vc_column_text]\n<h3 class=\"special-title\"><strong>Academic Publications<\/strong><\/h3>\n[\/vc_column_text][vc_empty_space height=&#8221;&#8221; el_class=&#8221;xtd-spacer&#8221;][vc_column_text]1- Real-Time Sonoelastography of the Achilles Tendon;\u00a0Pattern Description In Healthy Subjects and Patients with Surgically Repaired Complete Ruptures<br \/>\nS. Tan, S. Kuda\u015f, A.\u015e.\u00a0\u00d6zcan, A. \u0130pek, M. Karao\u011flano\u011flu\u2026 \u2013 Skeletal Radiology, 2012 \u2013 Springer<\/p>\n<p>2- Magnetic Resonance Findings of Osteitis Pubis<br \/>\nC. Y\u0131lmaz, M. Yorubulut, S. Kudas \u2013 Journal of Magnetic \u2026, 2007 \u2013 Wiley Online Library<\/p>\n<p>3- Physical Activity and Some Nutritional Habits of 11-12 Age Group Children in Ankara Province<br \/>\nS. Kuda\u015f, B. \u00dclkar, A. Erdo\u011fan \u2013 Journal of Sport Sciences, 2005 \u2013 Dergipark.org.tr<\/p>\n<p>4- Posterior Ankle Impingement Syndrome In Football Players: Case Series of 26 Elite Athletes.<br \/>\nS. Kuda\u015f, G. D\u00f6nmez, C.\u00a0I\u015f\u0131k, M. \u00c7elebi, N. \u00c7ay\u2026 \u2013 Acta Orthopaedica et \u2026, 2016 \u2013 Elsevier<\/p>\n<p>5- Real-Time Sonoelastography of the Patellar And Quadriceps Tendons: Pattern Description in Profesional Athletes and Healthy Volunteers.<br \/>\nS. Tan, NG Tangal, S. C\u0131rac\u0131, S. Kudas\u2026 \u2013 Medical \u2026, 2016 \u2013 medultrason.ro<\/p>\n<p>6- Injuries Among Recreational Football Players: Results of A Prospective Cohort Study<br \/>\nG. D\u00f6nmez, F. Korkusuz, L. \u00d6z\u00e7akar, Y. Karanfil, E. Dursun, S. Kudas \u2026 \u2013 Clinical Journal of \u2026, 2018 \u2013 cdn.journals. lww.com[\/vc_column_text][\/vc_column][vc_column width=&#8221;5\/12&#8243; offset=&#8221;vc_col-sm-offset-1&#8243;][vc_column_text]7- Review: Low Back Pain in Athletes \u2013 Causes and Treatment Approaches<br \/>\nS. Kuda\u015f, M. Y\u00f6r\u00fcbulut \u2026 \u2013 Sports Medicine \u2026, 2008 \u2013 sporhekimligidergisi.org<\/p>\n<p>8- Mandible Fracture in a Professional Football Player: A Case Report<br \/>\nS. Kuda\u015f, MM \u00c7elebi \u2013 Journal of Sports Medicine, 2008 \u2013 sporhekimligidergisi.org<\/p>\n<p>9- Effects of static stretching on quadriceps peak torque and hip Range of Motion in professional soccer players and sedentary subjects<br \/>\nMM \u00c7elebi, S Kuda\u015f, AM Zergero\u011flu<\/p>\n<p>10- An Alternative to Head Excision or Arthroplasty in Radial Head Fractures: Joining the Parts on the Surgical Table.<br \/>\nC.\u00a0I\u015f\u0131k, M. Akkaya, R. Akme\u015fe, O. Tecimell, S. Kuda\u015f, M. Bozkurt \u2013 Journal of Turgut Ozal Medical Center.\u00a02013, Vol.\u00a020 Issue 1, p36-39.\u00a04p.<\/p>\n<p>11- Evaluation of Magnetic Resonance Imaging Findings in Professional Football Players with Posterior Impingement Syndrome<br \/>\nS. Kuda\u015f, MA G\u00fcrses, A. \u00d6\u00e7g\u00fcder, M. \u00c7elebi, E. Ergen \u2013 Turkiye Klinikleri J Sports Sci.\u00a02010;2(2):80-5<\/p>\n<p>12- Growth, Development and Participation in Sports<br \/>\nG. D\u00f6nmez, MP Judge, S. Kuda\u015f \u2013 Turkiye Klinikleri J Sports Med-Special Topics.\u00a02015;1(3):1-6<\/p>\n<p>13- Evaluation of Muscle Injuries in Professional Football Players: Does Coach Replacement Affect the Injury Rate?<br \/>\nG. D\u00f6nmez, S. Kuda\u015f, M. Y\u00f6r\u00fcbulut, M. Y\u0131ld\u0131r\u0131m, N. Babayeva, SS Torgutalp \u2013 Clin J Sport Med 2018;00:1\u20136[\/vc_column_text][\/vc_column][\/vc_row][vc_row][vc_column width=&#8221;1\/2&#8243;][vc_column_text]\n<h3 class=\"special-title\"><strong>Sports Medicine<\/strong><\/h3>\n[\/vc_column_text][vc_column_text]\n<p class=\"Gvde\"><span class=\"\">He specializes in the diagnosis, treatment, and prevention of sports-related injuries.\u00a0<\/span>Sports medicine professionals work to help both athletes and active individuals improve performance, recover from acute and overuse injuries, and prevent future injuries.\u00a0Apart from this, they also treat back and neck problems caused by sedentary life, joint pain, obesity and musculoskeletal system problems related to chronic diseases.<\/p>\n<p class=\"Gvde\">Sports Medicine specialization is a specialty that lasts 4 years after graduation from the Faculty of Medicine.<\/p>\n[\/vc_column_text][\/vc_column][vc_column width=&#8221;5\/12&#8243; offset=&#8221;vc_col-sm-offset-1&#8243;][vc_column_text]\n<h3 class=\"special-title\">Sports medicine concentrates on four main areas<\/h3>\n[\/vc_column_text][vc_column_text]Preparation of the athlete, protection from illness or injury, treatment and rehabilitation of the injured athlete and reintroducing them to sports life.\u00a0Preparation or conditioning exercises develop specific aspects of the athlete&#8217;s performance, such as speed, strength and endurance.\u00a0In these areas, sports medicine specialists work in coordination with physicians from many branches, dietitians, psychologists, training scientists and trainers.<\/p>\n<p>In our clinic, the diagnosis, treatment and sportive rehabilitation of the problems of not only elite athletes but also individuals who are recreationally active are carried out.<\/p>\n<p>While correct exercises are important in treatment, incorrect exercise can cause injuries.\u00a0In our athlete health center, we aim to give you the most accurate and proper treatment with our expert physiotherapists who have worked in professional sports clubs for many years and are still working.[\/vc_column_text][\/vc_column][\/vc_row]\n<\/div>","protected":false},"excerpt":{"rendered":"<p>[vc_row curly_padding=&#8221;content-padding-xl&#8221;][vc_column width=&#8221;1\/2&#8243;][vc_single_image image=&#8221;1442&#8243; img_size=&#8221;large&#8221; style=&#8221;xtd-shadow&#8211;large-light&#8221; el_class=&#8221;xtd-offset-dots&#8221;][\/vc_column][vc_column width=&#8221;5\/12&#8243; offset=&#8221;vc_col-lg-offset-1 vc_col-lg-4 vc_col-sm-offset-1&#8243;][vc_column_text] Sava\u015f Kuda\u015f M.D. Specialist [\/vc_column_text][vc_column_text] Sports Medicine Specialist [\/vc_column_text][vc_column_text]Sava\u015f KUDA\u015e-M.D. Specialist was born in 1975 in Trabzon. After completing his primary, secondary and high school education in Trabzon, he entered Karadeniz Technical University Faculty of Medicine in 1991. He graduated from the university in 1997 and worked as a [&hellip;]<\/p>\n","protected":false},"author":1,"featured_media":0,"parent":0,"menu_order":6,"comment_status":"closed","ping_status":"closed","template":"","meta":{"inline_featured_image":false,"footnotes":""},"class_list":["post-2075","page","type-page","status-publish","hentry"],"yoast_head":"<!-- This site is optimized with the Yoast SEO plugin v26.7 - https:\/\/yoast.com\/wordpress\/plugins\/seo\/ -->\n<title>BIOGRAPHY - Sava\u015f Kuda\u015f | Spor Hekimli\u011fi Uzman\u0131,<\/title>\n<meta name=\"robots\" content=\"index, follow, max-snippet:-1, max-image-preview:large, max-video-preview:-1\" \/>\n<link rel=\"canonical\" href=\"https:\/\/www.savaskudas.com\/biyografi\/\" \/>\n<meta property=\"og:locale\" content=\"en_US\" \/>\n<meta property=\"og:type\" content=\"article\" \/>\n<meta property=\"og:title\" content=\"BIOGRAPHY - Sava\u015f Kuda\u015f | Spor Hekimli\u011fi Uzman\u0131,\" \/>\n<meta property=\"og:description\" content=\"[vc_row curly_padding=&#8221;content-padding-xl&#8221;][vc_column width=&#8221;1\/2&#8243;][vc_single_image image=&#8221;1442&#8243; img_size=&#8221;large&#8221; style=&#8221;xtd-shadow&#8211;large-light&#8221; el_class=&#8221;xtd-offset-dots&#8221;][\/vc_column][vc_column width=&#8221;5\/12&#8243; offset=&#8221;vc_col-lg-offset-1 vc_col-lg-4 vc_col-sm-offset-1&#8243;][vc_column_text] Sava\u015f Kuda\u015f M.D. Specialist [\/vc_column_text][vc_column_text] Sports Medicine Specialist [\/vc_column_text][vc_column_text]Sava\u015f KUDA\u015e-M.D. Specialist was born in 1975 in Trabzon. After completing his primary, secondary and high school education in Trabzon, he entered Karadeniz Technical University Faculty of Medicine in 1991. He graduated from the university in 1997 and worked as a [&hellip;]\" \/>\n<meta property=\"og:url\" content=\"https:\/\/www.savaskudas.com\/biyografi\/\" \/>\n<meta property=\"og:site_name\" content=\"Sava\u015f Kuda\u015f | Spor Hekimli\u011fi Uzman\u0131,\" \/>\n<meta property=\"article:modified_time\" content=\"2022-02-08T08:23:41+00:00\" \/>\n<meta name=\"twitter:card\" content=\"summary_large_image\" \/>\n<meta name=\"twitter:label1\" content=\"Est. reading time\" \/>\n\t<meta name=\"twitter:data1\" content=\"6 minutes\" \/>\n<script type=\"application\/ld+json\" class=\"yoast-schema-graph\">{\"@context\":\"https:\/\/schema.org\",\"@graph\":[{\"@type\":\"WebPage\",\"@id\":\"https:\/\/www.savaskudas.com\/biyografi\/\",\"url\":\"https:\/\/www.savaskudas.com\/biyografi\/\",\"name\":\"BIOGRAPHY - Sava\u015f Kuda\u015f | Spor Hekimli\u011fi Uzman\u0131,\",\"isPartOf\":{\"@id\":\"https:\/\/www.savaskudas.com\/#website\"},\"datePublished\":\"2017-08-09T12:12:10+00:00\",\"dateModified\":\"2022-02-08T08:23:41+00:00\",\"breadcrumb\":{\"@id\":\"https:\/\/www.savaskudas.com\/biyografi\/#breadcrumb\"},\"inLanguage\":\"en-US\",\"potentialAction\":[{\"@type\":\"ReadAction\",\"target\":[\"https:\/\/www.savaskudas.com\/biyografi\/\"]}]},{\"@type\":\"BreadcrumbList\",\"@id\":\"https:\/\/www.savaskudas.com\/biyografi\/#breadcrumb\",\"itemListElement\":[{\"@type\":\"ListItem\",\"position\":1,\"name\":\"Home\",\"item\":\"https:\/\/www.savaskudas.com\/en\/\"},{\"@type\":\"ListItem\",\"position\":2,\"name\":\"BIOGRAPHY\"}]},{\"@type\":\"WebSite\",\"@id\":\"https:\/\/www.savaskudas.com\/#website\",\"url\":\"https:\/\/www.savaskudas.com\/\",\"name\":\"Sava\u015f Kuda\u015f | Spor Hekimli\u011fi Uzman\u0131,\",\"description\":\"Bel-Boyun F\u0131t\u0131klar\u0131, K\u0131k\u0131rdak Problemleri, Tenis\u00e7i Dirse\u011fi, Bel-Boyun A\u011fr\u0131lar\u0131, Kas Sakatl\u0131klar\u0131, Eklem Yaralanmalar\u0131, Patellar Tendinit, Bilek Burkulmalar\u0131, Lenf - \u00d6dem Tedavisi, Menisk\u00fcs Yaralanmalar\u0131, Futbolcu Kas\u0131\u011f\u0131 (Osteitis Pubis), \u00d6n \u00c7apraz Ba\u011f Yaralanmalar\u0131, Ankara\",\"potentialAction\":[{\"@type\":\"SearchAction\",\"target\":{\"@type\":\"EntryPoint\",\"urlTemplate\":\"https:\/\/www.savaskudas.com\/?s={search_term_string}\"},\"query-input\":{\"@type\":\"PropertyValueSpecification\",\"valueRequired\":true,\"valueName\":\"search_term_string\"}}],\"inLanguage\":\"en-US\"}]}<\/script>\n<!-- \/ Yoast SEO plugin. -->","yoast_head_json":{"title":"BIOGRAPHY - Sava\u015f Kuda\u015f | Spor Hekimli\u011fi Uzman\u0131,","robots":{"index":"index","follow":"follow","max-snippet":"max-snippet:-1","max-image-preview":"max-image-preview:large","max-video-preview":"max-video-preview:-1"},"canonical":"https:\/\/www.savaskudas.com\/biyografi\/","og_locale":"en_US","og_type":"article","og_title":"BIOGRAPHY - Sava\u015f Kuda\u015f | Spor Hekimli\u011fi Uzman\u0131,","og_description":"[vc_row curly_padding=&#8221;content-padding-xl&#8221;][vc_column width=&#8221;1\/2&#8243;][vc_single_image image=&#8221;1442&#8243; img_size=&#8221;large&#8221; style=&#8221;xtd-shadow&#8211;large-light&#8221; el_class=&#8221;xtd-offset-dots&#8221;][\/vc_column][vc_column width=&#8221;5\/12&#8243; offset=&#8221;vc_col-lg-offset-1 vc_col-lg-4 vc_col-sm-offset-1&#8243;][vc_column_text] Sava\u015f Kuda\u015f M.D. Specialist [\/vc_column_text][vc_column_text] Sports Medicine Specialist [\/vc_column_text][vc_column_text]Sava\u015f KUDA\u015e-M.D. Specialist was born in 1975 in Trabzon. After completing his primary, secondary and high school education in Trabzon, he entered Karadeniz Technical University Faculty of Medicine in 1991. He graduated from the university in 1997 and worked as a [&hellip;]","og_url":"https:\/\/www.savaskudas.com\/biyografi\/","og_site_name":"Sava\u015f Kuda\u015f | Spor Hekimli\u011fi Uzman\u0131,","article_modified_time":"2022-02-08T08:23:41+00:00","twitter_card":"summary_large_image","twitter_misc":{"Est. reading time":"6 minutes"},"schema":{"@context":"https:\/\/schema.org","@graph":[{"@type":"WebPage","@id":"https:\/\/www.savaskudas.com\/biyografi\/","url":"https:\/\/www.savaskudas.com\/biyografi\/","name":"BIOGRAPHY - Sava\u015f Kuda\u015f | Spor Hekimli\u011fi Uzman\u0131,","isPartOf":{"@id":"https:\/\/www.savaskudas.com\/#website"},"datePublished":"2017-08-09T12:12:10+00:00","dateModified":"2022-02-08T08:23:41+00:00","breadcrumb":{"@id":"https:\/\/www.savaskudas.com\/biyografi\/#breadcrumb"},"inLanguage":"en-US","potentialAction":[{"@type":"ReadAction","target":["https:\/\/www.savaskudas.com\/biyografi\/"]}]},{"@type":"BreadcrumbList","@id":"https:\/\/www.savaskudas.com\/biyografi\/#breadcrumb","itemListElement":[{"@type":"ListItem","position":1,"name":"Home","item":"https:\/\/www.savaskudas.com\/en\/"},{"@type":"ListItem","position":2,"name":"BIOGRAPHY"}]},{"@type":"WebSite","@id":"https:\/\/www.savaskudas.com\/#website","url":"https:\/\/www.savaskudas.com\/","name":"Sava\u015f Kuda\u015f | Spor Hekimli\u011fi Uzman\u0131,","description":"Bel-Boyun F\u0131t\u0131klar\u0131, K\u0131k\u0131rdak Problemleri, Tenis\u00e7i Dirse\u011fi, Bel-Boyun A\u011fr\u0131lar\u0131, Kas Sakatl\u0131klar\u0131, Eklem Yaralanmalar\u0131, Patellar Tendinit, Bilek Burkulmalar\u0131, Lenf - \u00d6dem Tedavisi, Menisk\u00fcs Yaralanmalar\u0131, Futbolcu Kas\u0131\u011f\u0131 (Osteitis Pubis), \u00d6n \u00c7apraz Ba\u011f Yaralanmalar\u0131, Ankara","potentialAction":[{"@type":"SearchAction","target":{"@type":"EntryPoint","urlTemplate":"https:\/\/www.savaskudas.com\/?s={search_term_string}"},"query-input":{"@type":"PropertyValueSpecification","valueRequired":true,"valueName":"search_term_string"}}],"inLanguage":"en-US"}]}},"_links":{"self":[{"href":"https:\/\/www.savaskudas.com\/en\/wp-json\/wp\/v2\/pages\/2075","targetHints":{"allow":["GET"]}}],"collection":[{"href":"https:\/\/www.savaskudas.com\/en\/wp-json\/wp\/v2\/pages"}],"about":[{"href":"https:\/\/www.savaskudas.com\/en\/wp-json\/wp\/v2\/types\/page"}],"author":[{"embeddable":true,"href":"https:\/\/www.savaskudas.com\/en\/wp-json\/wp\/v2\/users\/1"}],"replies":[{"embeddable":true,"href":"https:\/\/www.savaskudas.com\/en\/wp-json\/wp\/v2\/comments?post=2075"}],"version-history":[{"count":0,"href":"https:\/\/www.savaskudas.com\/en\/wp-json\/wp\/v2\/pages\/2075\/revisions"}],"wp:attachment":[{"href":"https:\/\/www.savaskudas.com\/en\/wp-json\/wp\/v2\/media?parent=2075"}],"curies":[{"name":"wp","href":"https:\/\/api.w.org\/{rel}","templated":true}]}}